{"id":323,"date":"2023-04-01T21:25:46","date_gmt":"2023-04-01T19:25:46","guid":{"rendered":"https:\/\/claimdata.hu\/?page_id=323"},"modified":"2023-04-02T21:38:19","modified_gmt":"2023-04-02T19:38:19","slug":"modszerunk","status":"publish","type":"page","link":"https:\/\/claimdata.hu\/en\/modszerunk\/","title":{"rendered":"Our method"},"content":{"rendered":"<p>[et_pb_section fb_built=&#8221;1&#8243; custom_padding_last_edited=&#8221;on|phone&#8221; admin_label=&#8221;About&#8221; _builder_version=&#8221;4.20.2&#8243; use_background_color_gradient=&#8221;on&#8221; background_color_gradient_direction=&#8221;-131deg&#8221; background_color_gradient_stops=&#8221;#1f1f26 0%|rgba(31,31,38,0.86) 100%&#8221; background_color_gradient_start=&#8221;rgba(31,31,38,0.88)&#8221; background_color_gradient_end=&#8221;rgba(31,31,38,0.24)&#8221; background_enable_image=&#8221;off&#8221; background_pattern_repeat_origin=&#8221;center&#8221; custom_padding=&#8221;80px||80px|||&#8221; custom_padding_tablet=&#8221;50px||||false|false&#8221; custom_padding_phone=&#8221;&#8221; global_colors_info=&#8221;{}&#8221;][et_pb_row _builder_version=&#8221;4.20.2&#8243; background_color=&#8221;#f1f1f1&#8243; custom_padding=&#8221;80px||80px||false|false&#8221; global_colors_info=&#8221;{}&#8221;][et_pb_column type=&#8221;4_4&#8243; _builder_version=&#8221;4.16&#8243; global_colors_info=&#8221;{}&#8221;][et_pb_text _builder_version=&#8221;4.20.2&#8243; header_2_font=&#8221;Prata||||||||&#8221; header_2_font_size=&#8221;65px&#8221; header_2_line_height=&#8221;1.8em&#8221; header_4_font=&#8221;|700||on|||||&#8221; header_4_text_color=&#8221;#bea88f&#8221; header_4_font_size=&#8221;12px&#8221; header_4_letter_spacing=&#8221;2.6px&#8221; header_4_line_height=&#8221;1.6em&#8221; text_orientation=&#8221;center&#8221; module_alignment=&#8221;center&#8221; header_2_font_size_tablet=&#8221;34px&#8221; header_2_font_size_phone=&#8221;28px&#8221; header_2_font_size_last_edited=&#8221;on|phone&#8221; locked=&#8221;off&#8221; global_colors_info=&#8221;{}&#8221;]<\/p>\n<h4>Claim Data Consulting Ltd.<\/h4>\n<h2>Our method<\/h2>\n<p>[\/et_pb_text][et_pb_text _builder_version=&#8221;4.20.2&#8243; text_text_color=&#8221;#666666&#8243; text_line_height=&#8221;2em&#8221; text_orientation=&#8221;center&#8221; max_width=&#8221;800px&#8221; module_alignment=&#8221;center&#8221; hover_enabled=&#8221;0&#8243; locked=&#8221;off&#8221; global_colors_info=&#8221;{}&#8221; custom_padding_tablet=&#8221;|50px||50px|false|false&#8221; custom_padding_phone=&#8221;|25px||24px|false|false&#8221; custom_padding_last_edited=&#8221;on|phone&#8221; sticky_enabled=&#8221;0&#8243; content_last_edited=&#8221;on|desktop&#8221; content_phone=&#8221;<\/p>\n<p class=\"%22p1%22\" style=\"%22text-align:\" left;%22>On the base of publicated final judicial awards we have developed a data base consisting of about 3.000 awards and can find with help of an algorithm awards made in cases similar to the case of our client. By analysing the similarities and differences we can than define the real amount of non-pecuniary damages.<\/p>\n<p class=\"%22p1%22 translation-block\" style=\"%22text-align:\" left;%22>Ez a m\u00f3dszer arra a k\u00e9rd\u00e9sre nem ad v\u00e1laszt, hogy a jogs\u00e9rt\u0151t t\u00e9nylegesen terheli-e polg\u00e1ri jogi felel\u0151ss\u00e9g a jogs\u00e9rt\u00e9s\u00e9rt, de ig\u00e9ny eset\u00e9n \u00e1lland\u00f3 egy\u00fcttm\u0171k\u00f6d\u0151 partner\u00fcnk, a <i>Dr. B\u00e1rdos P\u00e9ter \u00dcgyv\u00e9di Iroda<\/i> bevon\u00e1s\u00e1val ebben is seg\u00edts\u00e9get tudunk ny\u00fajtani \u00fcgyfeleinknek.<\/p>\n<p>&#8221; content_tablet=&#8221;<\/p>\n<p class=\"%22p1%22\" style=\"%22text-align:\" justify;%22>On the base of publicated final judicial awards we have developed a data base consisting of about 3.000 awards and can find with help of an algorithm awards made in cases similar to the case of our client. By analysing the similarities and differences we can than define the real amount of non-pecuniary damages.<\/p>\n<p class=\"%22p1%22 translation-block\" style=\"%22text-align:\" justify;%22>Ez a m\u00f3dszer arra a k\u00e9rd\u00e9sre nem ad v\u00e1laszt, hogy a jogs\u00e9rt\u0151t t\u00e9nylegesen terheli-e polg\u00e1ri jogi felel\u0151ss\u00e9g a jogs\u00e9rt\u00e9s\u00e9rt, de ig\u00e9ny eset\u00e9n \u00e1lland\u00f3 egy\u00fcttm\u0171k\u00f6d\u0151 partner\u00fcnk, a <i>Dr. B\u00e1rdos P\u00e9ter \u00dcgyv\u00e9di Iroda<\/i> bevon\u00e1s\u00e1val ebben is seg\u00edts\u00e9get tudunk ny\u00fajtani \u00fcgyfeleinknek.<\/p>\n<p>&#8222;]<\/p>\n<p class=\"p1\" style=\"text-align: justify;\">On the base of publicated final judicial awards we have developed a data base consisting of about 3.000 awards and can find with help of an algorithm awards made in cases similar to the case of our client. By analysing the similarities and differences we can than define the real amount of non-pecuniary damages.<\/p>\n<p class=\"p1 translation-block\" style=\"text-align: justify;\">Ez a m\u00f3dszer arra a k\u00e9rd\u00e9sre nem ad v\u00e1laszt, hogy a jogs\u00e9rt\u0151t t\u00e9nylegesen terheli-e polg\u00e1ri jogi felel\u0151ss\u00e9g a jogs\u00e9rt\u00e9s\u00e9rt, de ig\u00e9ny eset\u00e9n \u00e1lland\u00f3 egy\u00fcttm\u0171k\u00f6d\u0151 partner\u00fcnk, a <i>Dr. B\u00e1rdos P\u00e9ter \u00dcgyv\u00e9di Iroda<\/i> bevon\u00e1s\u00e1val ebben is seg\u00edts\u00e9get tudunk ny\u00fajtani \u00fcgyfeleinknek.<\/p>\n<p>[\/et_pb_text][\/et_pb_column][\/et_pb_row][\/et_pb_section]<\/p>","protected":false},"excerpt":{"rendered":"<p>Claim Data Tan\u00e1csad\u00f3 kft. M\u00f3dszer\u00fcnkA joger\u0151s, publik\u00e1lt \u00edt\u00e9letekb\u0151l egy olyan, k\u00f6zel 3000 \u00edt\u00e9letet tartalmaz\u00f3 adatb\u00e1zist fejlesztett\u00fcnk ki, amelyb\u0151l egy algoritmus seg\u00edts\u00e9g\u00e9vel kikereshet\u0151k a k\u00e1rosult eset\u00e9hez legink\u00e1bb hasonl\u00f3 \u00fcgyekben sz\u00fcletett \u00edt\u00e9letek. Ezut\u00e1n a hasonl\u00f3s\u00e1gok \u00e9s k\u00fcl\u00f6nb\u00f6z\u0151s\u00e9gek elemz\u00e9s\u00e9vel jutunk el a s\u00e9relemd\u00edj re\u00e1lis \u00f6sszeg\u00e9hez. Ez a m\u00f3dszer arra a k\u00e9rd\u00e9sre nem ad v\u00e1laszt, hogy a jogs\u00e9rt\u0151t t\u00e9nylegesen [&hellip;]<\/p>","protected":false},"author":1,"featured_media":0,"parent":0,"menu_order":0,"comment_status":"closed","ping_status":"closed","template":"","meta":{"_et_pb_use_builder":"on","_et_pb_old_content":"","_et_gb_content_width":"","footnotes":""},"class_list":["post-323","page","type-page","status-publish","hentry"],"yoast_head":"<!-- This site is optimized with the Yoast SEO plugin v21.5 - https:\/\/yoast.com\/wordpress\/plugins\/seo\/ -->\n<title>M\u00f3dszer\u00fcnk - Claim Data Tan\u00e1csad\u00f3 Kft.<\/title>\n<meta name=\"description\" content=\"S\u00e9relemd\u00edj tan\u00e1csad\u00e1s! Ne k\u00e9rj keveset, de t\u00fal sokat sem! A b\u00edr\u00f3s\u00e1gi gyakorlat alapj\u00e1n a s\u00e9relemd\u00edj re\u00e1lis \u00f6sszeg\u00e9t megbecs\u00fclj\u00fck.\" \/>\n<meta name=\"robots\" content=\"index, follow, max-snippet:-1, max-image-preview:large, max-video-preview:-1\" \/>\n<link rel=\"canonical\" href=\"https:\/\/claimdata.hu\/en\/modszerunk\/\" \/>\n<meta property=\"og:locale\" content=\"en_GB\" \/>\n<meta property=\"og:type\" content=\"article\" \/>\n<meta property=\"og:title\" content=\"M\u00f3dszer\u00fcnk - Claim Data Tan\u00e1csad\u00f3 Kft.\" \/>\n<meta property=\"og:description\" content=\"S\u00e9relemd\u00edj tan\u00e1csad\u00e1s! Ne k\u00e9rj keveset, de t\u00fal sokat sem! A b\u00edr\u00f3s\u00e1gi gyakorlat alapj\u00e1n a s\u00e9relemd\u00edj re\u00e1lis \u00f6sszeg\u00e9t megbecs\u00fclj\u00fck.\" \/>\n<meta property=\"og:url\" content=\"https:\/\/claimdata.hu\/en\/modszerunk\/\" \/>\n<meta property=\"og:site_name\" content=\"Claim Data Tan\u00e1csad\u00f3 Kft.\" \/>\n<meta property=\"article:modified_time\" content=\"2023-04-02T19:38:19+00:00\" \/>\n<meta property=\"og:image\" content=\"https:\/\/claimdata.hu\/wp-content\/uploads\/claimdata_logo_fo.jpg\" \/>\n\t<meta property=\"og:image:width\" content=\"1289\" \/>\n\t<meta property=\"og:image:height\" content=\"779\" \/>\n\t<meta property=\"og:image:type\" content=\"image\/jpeg\" \/>\n<meta name=\"twitter:card\" content=\"summary_large_image\" \/>\n<meta name=\"twitter:label1\" content=\"Estimated reading time\" \/>\n\t<meta name=\"twitter:data1\" content=\"3 minutes\" \/>\n<script type=\"application\/ld+json\" class=\"yoast-schema-graph\">{\"@context\":\"https:\/\/schema.org\",\"@graph\":[{\"@type\":\"WebPage\",\"@id\":\"https:\/\/claimdata.hu\/modszerunk\/\",\"url\":\"https:\/\/claimdata.hu\/modszerunk\/\",\"name\":\"M\u00f3dszer\u00fcnk - Claim Data Tan\u00e1csad\u00f3 Kft.\",\"isPartOf\":{\"@id\":\"https:\/\/claimdata.hu\/#website\"},\"datePublished\":\"2023-04-01T19:25:46+00:00\",\"dateModified\":\"2023-04-02T19:38:19+00:00\",\"description\":\"S\u00e9relemd\u00edj tan\u00e1csad\u00e1s! Ne k\u00e9rj keveset, de t\u00fal sokat sem! A b\u00edr\u00f3s\u00e1gi gyakorlat alapj\u00e1n a s\u00e9relemd\u00edj re\u00e1lis \u00f6sszeg\u00e9t megbecs\u00fclj\u00fck.\",\"breadcrumb\":{\"@id\":\"https:\/\/claimdata.hu\/modszerunk\/#breadcrumb\"},\"inLanguage\":\"en-GB\",\"potentialAction\":[{\"@type\":\"ReadAction\",\"target\":[\"https:\/\/claimdata.hu\/modszerunk\/\"]}]},{\"@type\":\"BreadcrumbList\",\"@id\":\"https:\/\/claimdata.hu\/modszerunk\/#breadcrumb\",\"itemListElement\":[{\"@type\":\"ListItem\",\"position\":1,\"name\":\"Kezd\u0151lap\",\"item\":\"https:\/\/claimdata.hu\/\"},{\"@type\":\"ListItem\",\"position\":2,\"name\":\"M\u00f3dszer\u00fcnk\"}]},{\"@type\":\"WebSite\",\"@id\":\"https:\/\/claimdata.hu\/#website\",\"url\":\"https:\/\/claimdata.hu\/\",\"name\":\"Claim Data Tan\u00e1csad\u00f3 Kft.\",\"description\":\"S\u00e9relemd\u00edj tan\u00e1csad\u00e1s\",\"publisher\":{\"@id\":\"https:\/\/claimdata.hu\/#organization\"},\"alternateName\":\"Claim Data Tan\u00e1csad\u00f3 Kft.\",\"potentialAction\":[{\"@type\":\"SearchAction\",\"target\":{\"@type\":\"EntryPoint\",\"urlTemplate\":\"https:\/\/claimdata.hu\/?s={search_term_string}\"},\"query-input\":\"required name=search_term_string\"}],\"inLanguage\":\"en-GB\"},{\"@type\":\"Organization\",\"@id\":\"https:\/\/claimdata.hu\/#organization\",\"name\":\"Claim Data Tan\u00e1csad\u00f3 Kft.\",\"url\":\"https:\/\/claimdata.hu\/\",\"logo\":{\"@type\":\"ImageObject\",\"inLanguage\":\"en-GB\",\"@id\":\"https:\/\/claimdata.hu\/#\/schema\/logo\/image\/\",\"url\":\"https:\/\/claimdata.hu\/wp-content\/uploads\/claimdata_logo_fo.jpg\",\"contentUrl\":\"https:\/\/claimdata.hu\/wp-content\/uploads\/claimdata_logo_fo.jpg\",\"width\":1289,\"height\":779,\"caption\":\"Claim Data Tan\u00e1csad\u00f3 Kft.\"},\"image\":{\"@id\":\"https:\/\/claimdata.hu\/#\/schema\/logo\/image\/\"}}]}<\/script>\n<!-- \/ Yoast SEO plugin. -->","yoast_head_json":{"title":"M\u00f3dszer\u00fcnk - Claim Data Tan\u00e1csad\u00f3 Kft.","description":"S\u00e9relemd\u00edj tan\u00e1csad\u00e1s! Ne k\u00e9rj keveset, de t\u00fal sokat sem! A b\u00edr\u00f3s\u00e1gi gyakorlat alapj\u00e1n a s\u00e9relemd\u00edj re\u00e1lis \u00f6sszeg\u00e9t megbecs\u00fclj\u00fck.","robots":{"index":"index","follow":"follow","max-snippet":"max-snippet:-1","max-image-preview":"max-image-preview:large","max-video-preview":"max-video-preview:-1"},"canonical":"https:\/\/claimdata.hu\/en\/modszerunk\/","og_locale":"en_GB","og_type":"article","og_title":"M\u00f3dszer\u00fcnk - Claim Data Tan\u00e1csad\u00f3 Kft.","og_description":"S\u00e9relemd\u00edj tan\u00e1csad\u00e1s! Ne k\u00e9rj keveset, de t\u00fal sokat sem! A b\u00edr\u00f3s\u00e1gi gyakorlat alapj\u00e1n a s\u00e9relemd\u00edj re\u00e1lis \u00f6sszeg\u00e9t megbecs\u00fclj\u00fck.","og_url":"https:\/\/claimdata.hu\/en\/modszerunk\/","og_site_name":"Claim Data Tan\u00e1csad\u00f3 Kft.","article_modified_time":"2023-04-02T19:38:19+00:00","og_image":[{"width":1289,"height":779,"url":"https:\/\/claimdata.hu\/wp-content\/uploads\/claimdata_logo_fo.jpg","type":"image\/jpeg"}],"twitter_card":"summary_large_image","twitter_misc":{"Estimated reading time":"3 minutes"},"schema":{"@context":"https:\/\/schema.org","@graph":[{"@type":"WebPage","@id":"https:\/\/claimdata.hu\/modszerunk\/","url":"https:\/\/claimdata.hu\/modszerunk\/","name":"M\u00f3dszer\u00fcnk - Claim Data Tan\u00e1csad\u00f3 Kft.","isPartOf":{"@id":"https:\/\/claimdata.hu\/#website"},"datePublished":"2023-04-01T19:25:46+00:00","dateModified":"2023-04-02T19:38:19+00:00","description":"S\u00e9relemd\u00edj tan\u00e1csad\u00e1s! Ne k\u00e9rj keveset, de t\u00fal sokat sem! A b\u00edr\u00f3s\u00e1gi gyakorlat alapj\u00e1n a s\u00e9relemd\u00edj re\u00e1lis \u00f6sszeg\u00e9t megbecs\u00fclj\u00fck.","breadcrumb":{"@id":"https:\/\/claimdata.hu\/modszerunk\/#breadcrumb"},"inLanguage":"en-GB","potentialAction":[{"@type":"ReadAction","target":["https:\/\/claimdata.hu\/modszerunk\/"]}]},{"@type":"BreadcrumbList","@id":"https:\/\/claimdata.hu\/modszerunk\/#breadcrumb","itemListElement":[{"@type":"ListItem","position":1,"name":"Kezd\u0151lap","item":"https:\/\/claimdata.hu\/"},{"@type":"ListItem","position":2,"name":"M\u00f3dszer\u00fcnk"}]},{"@type":"WebSite","@id":"https:\/\/claimdata.hu\/#website","url":"https:\/\/claimdata.hu\/","name":"Claim Data Tan\u00e1csad\u00f3 Kft.","description":"S\u00e9relemd\u00edj tan\u00e1csad\u00e1s","publisher":{"@id":"https:\/\/claimdata.hu\/#organization"},"alternateName":"Claim Data Tan\u00e1csad\u00f3 Kft.","potentialAction":[{"@type":"SearchAction","target":{"@type":"EntryPoint","urlTemplate":"https:\/\/claimdata.hu\/?s={search_term_string}"},"query-input":"required name=search_term_string"}],"inLanguage":"en-GB"},{"@type":"Organization","@id":"https:\/\/claimdata.hu\/#organization","name":"Claim Data Tan\u00e1csad\u00f3 Kft.","url":"https:\/\/claimdata.hu\/","logo":{"@type":"ImageObject","inLanguage":"en-GB","@id":"https:\/\/claimdata.hu\/#\/schema\/logo\/image\/","url":"https:\/\/claimdata.hu\/wp-content\/uploads\/claimdata_logo_fo.jpg","contentUrl":"https:\/\/claimdata.hu\/wp-content\/uploads\/claimdata_logo_fo.jpg","width":1289,"height":779,"caption":"Claim Data Tan\u00e1csad\u00f3 Kft."},"image":{"@id":"https:\/\/claimdata.hu\/#\/schema\/logo\/image\/"}}]}},"_links":{"self":[{"href":"https:\/\/claimdata.hu\/en\/wp-json\/wp\/v2\/pages\/323","targetHints":{"allow":["GET"]}}],"collection":[{"href":"https:\/\/claimdata.hu\/en\/wp-json\/wp\/v2\/pages"}],"about":[{"href":"https:\/\/claimdata.hu\/en\/wp-json\/wp\/v2\/types\/page"}],"author":[{"embeddable":true,"href":"https:\/\/claimdata.hu\/en\/wp-json\/wp\/v2\/users\/1"}],"replies":[{"embeddable":true,"href":"https:\/\/claimdata.hu\/en\/wp-json\/wp\/v2\/comments?post=323"}],"version-history":[{"count":6,"href":"https:\/\/claimdata.hu\/en\/wp-json\/wp\/v2\/pages\/323\/revisions"}],"predecessor-version":[{"id":472,"href":"https:\/\/claimdata.hu\/en\/wp-json\/wp\/v2\/pages\/323\/revisions\/472"}],"wp:attachment":[{"href":"https:\/\/claimdata.hu\/en\/wp-json\/wp\/v2\/media?parent=323"}],"curies":[{"name":"wp","href":"https:\/\/api.w.org\/{rel}","templated":true}]}}