{"id":307,"date":"2023-04-01T21:13:03","date_gmt":"2023-04-01T19:13:03","guid":{"rendered":"https:\/\/claimdata.hu\/?page_id=307"},"modified":"2023-05-08T12:00:50","modified_gmt":"2023-05-08T10:00:50","slug":"serelemdij","status":"publish","type":"page","link":"https:\/\/claimdata.hu\/en\/serelemdij\/","title":{"rendered":"Non-Pecuniary Damage"},"content":{"rendered":"<p>[et_pb_section fb_built=&#8221;1&#8243; custom_padding_last_edited=&#8221;on|phone&#8221; admin_label=&#8221;About&#8221; _builder_version=&#8221;4.20.2&#8243; use_background_color_gradient=&#8221;on&#8221; background_color_gradient_direction=&#8221;-131deg&#8221; background_color_gradient_stops=&#8221;#1f1f26 0%|rgba(31,31,38,0.86) 100%&#8221; background_color_gradient_start=&#8221;rgba(31,31,38,0.88)&#8221; background_color_gradient_end=&#8221;rgba(31,31,38,0.24)&#8221; background_enable_image=&#8221;off&#8221; background_pattern_repeat_origin=&#8221;center&#8221; custom_padding=&#8221;80px||80px|||&#8221; custom_padding_tablet=&#8221;50px||||false|false&#8221; custom_padding_phone=&#8221;&#8221; global_colors_info=&#8221;{}&#8221;][et_pb_row _builder_version=&#8221;4.20.2&#8243; background_color=&#8221;#f1f1f1&#8243; custom_padding=&#8221;80px||80px||false|false&#8221; global_colors_info=&#8221;{}&#8221;][et_pb_column type=&#8221;4_4&#8243; _builder_version=&#8221;4.16&#8243; global_colors_info=&#8221;{}&#8221;][et_pb_text _builder_version=&#8221;4.20.2&#8243; header_2_font=&#8221;Prata||||||||&#8221; header_2_font_size=&#8221;65px&#8221; header_2_line_height=&#8221;1.8em&#8221; header_4_font=&#8221;|700||on|||||&#8221; header_4_text_color=&#8221;#bea88f&#8221; header_4_font_size=&#8221;12px&#8221; header_4_letter_spacing=&#8221;2.6px&#8221; header_4_line_height=&#8221;1.6em&#8221; text_orientation=&#8221;center&#8221; module_alignment=&#8221;center&#8221; header_2_font_size_tablet=&#8221;34px&#8221; header_2_font_size_phone=&#8221;28px&#8221; header_2_font_size_last_edited=&#8221;on|phone&#8221; locked=&#8221;off&#8221; global_colors_info=&#8221;{}&#8221;]<\/p>\n<h4>Claim Data Consulting Ltd.<\/h4>\n<h2>Non-Pecuniary Damage<\/h2>\n<p>[\/et_pb_text][et_pb_text content_tablet=&#8221;<\/p>\n<p class=\"%22p1%22\" style=\"%22text-align:\" justify;%22>Damages for non-pecuniary damage serve as mitigation of suffer caused by violation of our personal rights (life, physical integrity, health, reputation, honour, human dignity, personal freedom etc.), and as compensation for deterioration of quality of our life.<\/p>\n<p class=\"%22p2%22\" style=\"%22text-align:\" justify;%22>The legal norms do not contain the full list of forms of violation of personal rights, neither offer a guide for the amount of damages, because it is influenced not only by the seriousness of violation but also by many other circumstances,<\/p>\n<p class=\"%22p1%22\" style=\"%22text-align:\" justify;%22>The situation of the injured person is not easy when defining the claim adequate to the violation of right. Is the claim too low, the client will come off badly, is the claim too high, he will suffer losses in the trial, if while acknowledging the fact of violation of right the court judges a much smaller amount as damages. If the difference is too big  the costs of proceeding may exceed the amount of compensation awarded. That is, why defining the realistic amount of compensation based on the court praxis is very important.<\/p>\n<p>&#8221; content_phone=&#8221;<\/p>\n<p class=\"%22p1%22\" style=\"%22text-align:\" left;%22>Damages for non-pecuniary damage serve as mitigation of suffer caused by violation of our personal rights (life, physical integrity, health, reputation, honour, human dignity, personal freedom etc.), and as compensation for deterioration of quality of our life.<\/p>\n<p class=\"%22p2%22\" style=\"%22text-align:\" left;%22>The legal norms do not contain the full list of forms of violation of personal rights, neither offer a guide for the amount of damages, because it is influenced not only by the seriousness of violation but also by many other circumstances,<\/p>\n<p class=\"%22p1%22\" style=\"%22text-align:\" left;%22>The situation of the injured person is not easy when defining the claim adequate to the violation of right. Is the claim too low, the client will come off badly, is the claim too high, he will suffer losses in the trial, if while acknowledging the fact of violation of right the court judges a much smaller amount as damages. If the difference is too big  the costs of proceeding may exceed the amount of compensation awarded. That is, why defining the realistic amount of compensation based on the court praxis is very important.<\/p>\n<p>&#8221; content_last_edited=&#8221;on|phone&#8221; _builder_version=&#8221;4.21.0&#8243; text_text_color=&#8221;#666666&#8243; text_line_height=&#8221;2em&#8221; text_orientation=&#8221;center&#8221; max_width=&#8221;800px&#8221; module_alignment=&#8221;center&#8221; custom_padding_tablet=&#8221;|50px||50px|false|false&#8221; custom_padding_phone=&#8221;|25px||24px|false|false&#8221; custom_padding_last_edited=&#8221;on|phone&#8221; locked=&#8221;off&#8221; global_colors_info=&#8221;{}&#8221;]<\/p>\n<p class=\"p1\" style=\"text-align: justify;\">Damages for non-pecuniary damage serve as mitigation of suffer caused by violation of our personal rights (life, physical integrity, health, reputation, honour, human dignity, personal freedom etc.), and as compensation for deterioration of quality of our life.<\/p>\n<p class=\"p2\" style=\"text-align: justify;\">The legal norms do not contain the full list of forms of violation of personal rights, neither offer a guide for the amount of damages, because it is influenced not only by the seriousness of violation but also by many other circumstances,<\/p>\n<p class=\"p1\" style=\"text-align: justify;\">The situation of the injured person is not easy when defining the claim adequate to the violation of right. Is the claim too low, the client will come off badly, is the claim too high, he will suffer losses in the trial, if while acknowledging the fact of violation of right the court judges a much smaller amount as damages. If the difference is too big  the costs of proceeding may exceed the amount of compensation awarded. That is, why defining the realistic amount of compensation based on the court praxis is very important.<\/p>\n<p>[\/et_pb_text][\/et_pb_column][\/et_pb_row][\/et_pb_section]<\/p>","protected":false},"excerpt":{"rendered":"<p>Claim Data Tan\u00e1csad\u00f3 kft. S\u00e9relemd\u00edjA magyar jog a ma ismert tartalommal 1992 \u00f3ta ismeri a nem vagyoni k\u00e1rt\u00e9r\u00edt\u00e9st, amely 2013-ban az \u00faj Ptk-ban s\u00e9relemd\u00edj n\u00e9ven kapott helyet. Az elszenvedett s\u00e9relemmel ar\u00e1nyos s\u00e9relemd\u00edj a szem\u00e9lyis\u00e9gi jogaink (\u00e9let, testi \u00e9ps\u00e9g, eg\u00e9szs\u00e9g, j\u00f3h\u00edrn\u00e9v, becs\u00fclet, emberi m\u00e9lt\u00f3s\u00e1g, szem\u00e9lyes szabads\u00e1g stb.) megs\u00e9rt\u00e9s\u00e9vel okozott szenved\u00e9s enyh\u00edt\u00e9s\u00e9re, \u00e9letmin\u0151s\u00e9g\u00fcnk roml\u00e1s\u00e1nak ellens\u00falyoz\u00e1s\u00e1ra szolg\u00e1l. A [&hellip;]<\/p>","protected":false},"author":1,"featured_media":0,"parent":0,"menu_order":0,"comment_status":"closed","ping_status":"closed","template":"","meta":{"_et_pb_use_builder":"on","_et_pb_old_content":"","_et_gb_content_width":"","footnotes":""},"class_list":["post-307","page","type-page","status-publish","hentry"],"yoast_head":"<!-- This site is optimized with the Yoast SEO plugin v21.5 - https:\/\/yoast.com\/wordpress\/plugins\/seo\/ -->\n<title>S\u00e9relemd\u00edj - Claim Data Tan\u00e1csad\u00f3 Kft.<\/title>\n<meta name=\"description\" content=\"S\u00e9relemd\u00edj tan\u00e1csad\u00e1s! Ne k\u00e9rj keveset, de t\u00fal sokat sem! A b\u00edr\u00f3s\u00e1gi gyakorlat alapj\u00e1n a s\u00e9relemd\u00edj re\u00e1lis \u00f6sszeg\u00e9t megbecs\u00fclj\u00fck.\" \/>\n<meta name=\"robots\" content=\"index, follow, max-snippet:-1, max-image-preview:large, max-video-preview:-1\" \/>\n<link rel=\"canonical\" href=\"https:\/\/claimdata.hu\/en\/serelemdij\/\" \/>\n<meta property=\"og:locale\" content=\"en_GB\" \/>\n<meta property=\"og:type\" content=\"article\" \/>\n<meta property=\"og:title\" content=\"S\u00e9relemd\u00edj - Claim Data Tan\u00e1csad\u00f3 Kft.\" \/>\n<meta property=\"og:description\" content=\"S\u00e9relemd\u00edj tan\u00e1csad\u00e1s! Ne k\u00e9rj keveset, de t\u00fal sokat sem! A b\u00edr\u00f3s\u00e1gi gyakorlat alapj\u00e1n a s\u00e9relemd\u00edj re\u00e1lis \u00f6sszeg\u00e9t megbecs\u00fclj\u00fck.\" \/>\n<meta property=\"og:url\" content=\"https:\/\/claimdata.hu\/en\/serelemdij\/\" \/>\n<meta property=\"og:site_name\" content=\"Claim Data Tan\u00e1csad\u00f3 Kft.\" \/>\n<meta property=\"article:modified_time\" content=\"2023-05-08T10:00:50+00:00\" \/>\n<meta property=\"og:image\" content=\"https:\/\/claimdata.hu\/wp-content\/uploads\/claimdata_logo_fo.jpg\" \/>\n\t<meta property=\"og:image:width\" content=\"1289\" \/>\n\t<meta property=\"og:image:height\" content=\"779\" \/>\n\t<meta property=\"og:image:type\" content=\"image\/jpeg\" \/>\n<meta name=\"twitter:card\" content=\"summary_large_image\" \/>\n<meta name=\"twitter:label1\" content=\"Estimated reading time\" \/>\n\t<meta name=\"twitter:data1\" content=\"5 minutes\" \/>\n<script type=\"application\/ld+json\" class=\"yoast-schema-graph\">{\"@context\":\"https:\/\/schema.org\",\"@graph\":[{\"@type\":\"WebPage\",\"@id\":\"https:\/\/claimdata.hu\/serelemdij\/\",\"url\":\"https:\/\/claimdata.hu\/serelemdij\/\",\"name\":\"S\u00e9relemd\u00edj - Claim Data Tan\u00e1csad\u00f3 Kft.\",\"isPartOf\":{\"@id\":\"https:\/\/claimdata.hu\/#website\"},\"datePublished\":\"2023-04-01T19:13:03+00:00\",\"dateModified\":\"2023-05-08T10:00:50+00:00\",\"description\":\"S\u00e9relemd\u00edj tan\u00e1csad\u00e1s! Ne k\u00e9rj keveset, de t\u00fal sokat sem! A b\u00edr\u00f3s\u00e1gi gyakorlat alapj\u00e1n a s\u00e9relemd\u00edj re\u00e1lis \u00f6sszeg\u00e9t megbecs\u00fclj\u00fck.\",\"breadcrumb\":{\"@id\":\"https:\/\/claimdata.hu\/serelemdij\/#breadcrumb\"},\"inLanguage\":\"en-GB\",\"potentialAction\":[{\"@type\":\"ReadAction\",\"target\":[\"https:\/\/claimdata.hu\/serelemdij\/\"]}]},{\"@type\":\"BreadcrumbList\",\"@id\":\"https:\/\/claimdata.hu\/serelemdij\/#breadcrumb\",\"itemListElement\":[{\"@type\":\"ListItem\",\"position\":1,\"name\":\"Kezd\u0151lap\",\"item\":\"https:\/\/claimdata.hu\/\"},{\"@type\":\"ListItem\",\"position\":2,\"name\":\"S\u00e9relemd\u00edj\"}]},{\"@type\":\"WebSite\",\"@id\":\"https:\/\/claimdata.hu\/#website\",\"url\":\"https:\/\/claimdata.hu\/\",\"name\":\"Claim Data Tan\u00e1csad\u00f3 Kft.\",\"description\":\"S\u00e9relemd\u00edj tan\u00e1csad\u00e1s\",\"publisher\":{\"@id\":\"https:\/\/claimdata.hu\/#organization\"},\"alternateName\":\"Claim Data Tan\u00e1csad\u00f3 Kft.\",\"potentialAction\":[{\"@type\":\"SearchAction\",\"target\":{\"@type\":\"EntryPoint\",\"urlTemplate\":\"https:\/\/claimdata.hu\/?s={search_term_string}\"},\"query-input\":\"required name=search_term_string\"}],\"inLanguage\":\"en-GB\"},{\"@type\":\"Organization\",\"@id\":\"https:\/\/claimdata.hu\/#organization\",\"name\":\"Claim Data Tan\u00e1csad\u00f3 Kft.\",\"url\":\"https:\/\/claimdata.hu\/\",\"logo\":{\"@type\":\"ImageObject\",\"inLanguage\":\"en-GB\",\"@id\":\"https:\/\/claimdata.hu\/#\/schema\/logo\/image\/\",\"url\":\"https:\/\/claimdata.hu\/wp-content\/uploads\/claimdata_logo_fo.jpg\",\"contentUrl\":\"https:\/\/claimdata.hu\/wp-content\/uploads\/claimdata_logo_fo.jpg\",\"width\":1289,\"height\":779,\"caption\":\"Claim Data Tan\u00e1csad\u00f3 Kft.\"},\"image\":{\"@id\":\"https:\/\/claimdata.hu\/#\/schema\/logo\/image\/\"}}]}<\/script>\n<!-- \/ Yoast SEO plugin. -->","yoast_head_json":{"title":"S\u00e9relemd\u00edj - Claim Data Tan\u00e1csad\u00f3 Kft.","description":"S\u00e9relemd\u00edj tan\u00e1csad\u00e1s! Ne k\u00e9rj keveset, de t\u00fal sokat sem! A b\u00edr\u00f3s\u00e1gi gyakorlat alapj\u00e1n a s\u00e9relemd\u00edj re\u00e1lis \u00f6sszeg\u00e9t megbecs\u00fclj\u00fck.","robots":{"index":"index","follow":"follow","max-snippet":"max-snippet:-1","max-image-preview":"max-image-preview:large","max-video-preview":"max-video-preview:-1"},"canonical":"https:\/\/claimdata.hu\/en\/serelemdij\/","og_locale":"en_GB","og_type":"article","og_title":"S\u00e9relemd\u00edj - Claim Data Tan\u00e1csad\u00f3 Kft.","og_description":"S\u00e9relemd\u00edj tan\u00e1csad\u00e1s! Ne k\u00e9rj keveset, de t\u00fal sokat sem! A b\u00edr\u00f3s\u00e1gi gyakorlat alapj\u00e1n a s\u00e9relemd\u00edj re\u00e1lis \u00f6sszeg\u00e9t megbecs\u00fclj\u00fck.","og_url":"https:\/\/claimdata.hu\/en\/serelemdij\/","og_site_name":"Claim Data Tan\u00e1csad\u00f3 Kft.","article_modified_time":"2023-05-08T10:00:50+00:00","og_image":[{"width":1289,"height":779,"url":"https:\/\/claimdata.hu\/wp-content\/uploads\/claimdata_logo_fo.jpg","type":"image\/jpeg"}],"twitter_card":"summary_large_image","twitter_misc":{"Estimated reading time":"5 minutes"},"schema":{"@context":"https:\/\/schema.org","@graph":[{"@type":"WebPage","@id":"https:\/\/claimdata.hu\/serelemdij\/","url":"https:\/\/claimdata.hu\/serelemdij\/","name":"S\u00e9relemd\u00edj - Claim Data Tan\u00e1csad\u00f3 Kft.","isPartOf":{"@id":"https:\/\/claimdata.hu\/#website"},"datePublished":"2023-04-01T19:13:03+00:00","dateModified":"2023-05-08T10:00:50+00:00","description":"S\u00e9relemd\u00edj tan\u00e1csad\u00e1s! Ne k\u00e9rj keveset, de t\u00fal sokat sem! A b\u00edr\u00f3s\u00e1gi gyakorlat alapj\u00e1n a s\u00e9relemd\u00edj re\u00e1lis \u00f6sszeg\u00e9t megbecs\u00fclj\u00fck.","breadcrumb":{"@id":"https:\/\/claimdata.hu\/serelemdij\/#breadcrumb"},"inLanguage":"en-GB","potentialAction":[{"@type":"ReadAction","target":["https:\/\/claimdata.hu\/serelemdij\/"]}]},{"@type":"BreadcrumbList","@id":"https:\/\/claimdata.hu\/serelemdij\/#breadcrumb","itemListElement":[{"@type":"ListItem","position":1,"name":"Kezd\u0151lap","item":"https:\/\/claimdata.hu\/"},{"@type":"ListItem","position":2,"name":"S\u00e9relemd\u00edj"}]},{"@type":"WebSite","@id":"https:\/\/claimdata.hu\/#website","url":"https:\/\/claimdata.hu\/","name":"Claim Data Tan\u00e1csad\u00f3 Kft.","description":"S\u00e9relemd\u00edj tan\u00e1csad\u00e1s","publisher":{"@id":"https:\/\/claimdata.hu\/#organization"},"alternateName":"Claim Data Tan\u00e1csad\u00f3 Kft.","potentialAction":[{"@type":"SearchAction","target":{"@type":"EntryPoint","urlTemplate":"https:\/\/claimdata.hu\/?s={search_term_string}"},"query-input":"required name=search_term_string"}],"inLanguage":"en-GB"},{"@type":"Organization","@id":"https:\/\/claimdata.hu\/#organization","name":"Claim Data Tan\u00e1csad\u00f3 Kft.","url":"https:\/\/claimdata.hu\/","logo":{"@type":"ImageObject","inLanguage":"en-GB","@id":"https:\/\/claimdata.hu\/#\/schema\/logo\/image\/","url":"https:\/\/claimdata.hu\/wp-content\/uploads\/claimdata_logo_fo.jpg","contentUrl":"https:\/\/claimdata.hu\/wp-content\/uploads\/claimdata_logo_fo.jpg","width":1289,"height":779,"caption":"Claim Data Tan\u00e1csad\u00f3 Kft."},"image":{"@id":"https:\/\/claimdata.hu\/#\/schema\/logo\/image\/"}}]}},"_links":{"self":[{"href":"https:\/\/claimdata.hu\/en\/wp-json\/wp\/v2\/pages\/307","targetHints":{"allow":["GET"]}}],"collection":[{"href":"https:\/\/claimdata.hu\/en\/wp-json\/wp\/v2\/pages"}],"about":[{"href":"https:\/\/claimdata.hu\/en\/wp-json\/wp\/v2\/types\/page"}],"author":[{"embeddable":true,"href":"https:\/\/claimdata.hu\/en\/wp-json\/wp\/v2\/users\/1"}],"replies":[{"embeddable":true,"href":"https:\/\/claimdata.hu\/en\/wp-json\/wp\/v2\/comments?post=307"}],"version-history":[{"count":8,"href":"https:\/\/claimdata.hu\/en\/wp-json\/wp\/v2\/pages\/307\/revisions"}],"predecessor-version":[{"id":681,"href":"https:\/\/claimdata.hu\/en\/wp-json\/wp\/v2\/pages\/307\/revisions\/681"}],"wp:attachment":[{"href":"https:\/\/claimdata.hu\/en\/wp-json\/wp\/v2\/media?parent=307"}],"curies":[{"name":"wp","href":"https:\/\/api.w.org\/{rel}","templated":true}]}}