{"id":484,"date":"2023-04-02T22:01:35","date_gmt":"2023-04-02T20:01:35","guid":{"rendered":"https:\/\/claimdata.hu\/?page_id=484"},"modified":"2023-04-02T22:45:08","modified_gmt":"2023-04-02T20:45:08","slug":"cookie-szabalyzat","status":"publish","type":"page","link":"https:\/\/claimdata.hu\/de\/cookie-szabalyzat\/","title":{"rendered":"Cookie-Richtlinie"},"content":{"rendered":"<p>[et_pb_section fb_built=&#8221;1&#8243; custom_padding_last_edited=&#8221;on|phone&#8221; admin_label=&#8221;About&#8221; _builder_version=&#8221;4.20.2&#8243; use_background_color_gradient=&#8221;on&#8221; background_color_gradient_direction=&#8221;-131deg&#8221; background_color_gradient_stops=&#8221;#1f1f26 0%|rgba(31,31,38,0.86) 100%&#8221; background_color_gradient_start=&#8221;rgba(31,31,38,0.88)&#8221; background_color_gradient_end=&#8221;rgba(31,31,38,0.24)&#8221; background_enable_image=&#8221;off&#8221; background_pattern_repeat_origin=&#8221;center&#8221; custom_padding=&#8221;80px||80px|||&#8221; custom_padding_tablet=&#8221;50px||||false|false&#8221; custom_padding_phone=&#8221;&#8221; global_colors_info=&#8221;{}&#8221;][et_pb_row _builder_version=&#8221;4.20.2&#8243; background_color=&#8221;#f1f1f1&#8243; custom_padding=&#8221;80px||80px||false|false&#8221; global_colors_info=&#8221;{}&#8221;][et_pb_column type=&#8221;4_4&#8243; _builder_version=&#8221;4.16&#8243; global_colors_info=&#8221;{}&#8221;][et_pb_text _builder_version=&#8221;4.20.2&#8243; header_2_font=&#8221;Prata||||||||&#8221; header_2_font_size=&#8221;40px&#8221; header_2_line_height=&#8221;1.3em&#8221; header_4_font=&#8221;|700||on|||||&#8221; header_4_text_color=&#8221;#bea88f&#8221; header_4_font_size=&#8221;12px&#8221; header_4_letter_spacing=&#8221;2.6px&#8221; header_4_line_height=&#8221;1.6em&#8221; text_orientation=&#8221;center&#8221; module_alignment=&#8221;center&#8221; hover_enabled=&#8221;0&#8243; header_2_font_size_tablet=&#8221;34px&#8221; header_2_font_size_phone=&#8221;28px&#8221; header_2_font_size_last_edited=&#8221;on|phone&#8221; locked=&#8221;off&#8221; global_colors_info=&#8221;{}&#8221; sticky_enabled=&#8221;0&#8243;]<\/p>\n<h4>Claim Data Beratungsgesellschaft m.b.H.<\/h4>\n<h2>Cookie-Richtlinie<\/h2>\n<p>[\/et_pb_text][et_pb_text _builder_version=&#8221;4.20.2&#8243; text_text_color=&#8221;#666666&#8243; ul_line_height=&#8221;2em&#8221; text_orientation=&#8221;center&#8221; max_width=&#8221;800px&#8221; module_alignment=&#8221;center&#8221; custom_padding_tablet=&#8221;|50px||50px|false|false&#8221; custom_padding_phone=&#8221;|25px||24px|false|false&#8221; custom_padding_last_edited=&#8221;on|phone&#8221; hover_enabled=&#8221;0&#8243; locked=&#8221;off&#8221; global_colors_info=&#8221;{}&#8221; sticky_enabled=&#8221;0&#8243;]<\/p>\n<h2 style=\"text-align: left;\">1. Bevezet\u00e9s<\/h2>\n<p style=\"text-align: left;\">Weboldalunk, a www.claimdata.hu (a tov\u00e1bbiakban: \u201eweboldal\u201d) s\u00fctiket \u00e9s egy\u00e9b kapcsol\u00f3d\u00f3 technol\u00f3gi\u00e1kat haszn\u00e1l (a k\u00e9nyelem kedv\u00e9\u00e9rt minden technol\u00f3gi\u00e1t \u201es\u00fctinek\u201d nevez\u00fcnk). A s\u00fctiket az \u00e1ltalunk bevont harmadik felek is elhelyezik. Az al\u00e1bbi dokumentumban t\u00e1j\u00e9koztatjuk \u00d6nt weboldalunkon a s\u00fctik haszn\u00e1lat\u00e1r\u00f3l.<\/p>\n<h2 style=\"text-align: left;\">2. Mi az a Cookie?<\/h2>\n<p style=\"text-align: left;\">A cookie (magyarul \u201es\u00fcti\u201d) egy olyan kism\u00e9ret\u0171 adatcsomag, amit az internetes szolg\u00e1ltat\u00e1sok a b\u00f6ng\u00e9sz\u0151ben t\u00e1rolnak el. A hat\u00e9kony \u00e9s modern felhaszn\u00e1l\u00f3i \u00e9lm\u00e9nyt ny\u00fajt\u00f3 online szolg\u00e1ltat\u00e1s m\u0171k\u00f6d\u00e9s\u00e9hez elengedhetetlen technol\u00f3gia, amelyet manaps\u00e1g minden b\u00f6ng\u00e9sz\u0151 t\u00e1mogat.<\/p>\n<h2 style=\"text-align: left;\">3. Hogyan keletkezik a Cookie?<\/h2>\n<p style=\"text-align: left;\">El\u0151sz\u00f6r a kliens g\u00e9p k\u00fcld egy k\u00e9r\u00e9st a kiszolg\u00e1l\u00f3 ir\u00e1ny\u00e1ba. Ekkor a kiszolg\u00e1l\u00f3 l\u00e9trehoz egy egyedi azonos\u00edt\u00f3t \u00e9s ezt elt\u00e1rolja a saj\u00e1t adatb\u00e1zis\u00e1ban, majd az \u00edgy l\u00e9trehozott cookie-t az \u00f6sszes inform\u00e1ci\u00f3val visszak\u00fcldi a kliensnek. Az \u00edgy visszakapott inform\u00e1ci\u00f3s cookie elt\u00e1rol\u00f3dik a kliens g\u00e9pen.<\/p>\n<h2 style=\"text-align: left;\">4. Hogyan hasznosul a Cookie?<\/h2>\n<p style=\"text-align: left;\">Amikor a kliens g\u00e9p \u00fajra kapcsolatba l\u00e9p a kiszolg\u00e1l\u00f3val m\u00e1r p\u00e1ros\u00edtja az el\u0151z\u0151leg m\u00e1r l\u00e9trehozott \u00e9s elt\u00e1rolt cookie-t. A kiszolg\u00e1l\u00f3 \u00f6sszehasonl\u00edtja a kapott \u00e9s az \u00e1ltala t\u00e1rolt cookie tartalm\u00e1t. Ez \u00e1ltal k\u00f6nnyed\u00e9n azonos\u00edtja pl. a bejelentkezett regisztr\u00e1lt felhaszn\u00e1l\u00f3t. En\u00e9lk\u00fcl p\u00e9ld\u00e1ul nem lehetne bejelentkezni egy weboldalra.<\/p>\n<h2 style=\"text-align: left;\">5. Milyen s\u00fctiket haszn\u00e1lunk?<\/h2>\n<p style=\"text-align: left;\"><strong>5.1 Technikai vagy funkcion\u00e1lis s\u00fctik<\/strong><br \/>Egyes s\u00fctik biztos\u00edtj\u00e1k, hogy a webhely bizonyos r\u00e9szei megfelel\u0151en m\u0171k\u00f6djenek, \u00e9s hogy az \u00d6n felhaszn\u00e1l\u00f3i be\u00e1ll\u00edt\u00e1sai ismertek maradjanak. Megjegyzi a felhaszn\u00e1l\u00f3 nevet, jelsz\u00f3t, v\u00e1lasztott nyelvet, tart\u00f3zkod\u00e1si inform\u00e1ci\u00f3kat. Funkcion\u00e1lis s\u00fctik elhelyez\u00e9s\u00e9vel megk\u00f6nny\u00edtj\u00fck weboldalunk l\u00e1togat\u00e1s\u00e1t.\u00a0 Ezek a s\u00fctik tartalmazhatnak szem\u00e9lyes adatokat \u00e9s alkalmasak a l\u00e1togat\u00f3 beazonos\u00edt\u00e1s\u00e1ra. \u00cdgy nem kell ism\u00e9telten megadnia ugyanazokat az adatokat, amikor felkeresi weboldalunkat, \u00e9s p\u00e9ld\u00e1ul a term\u00e9kek a befizet\u00e9sig a kos\u00e1rban maradnak. Ezeket a s\u00fctiket az \u00d6n hozz\u00e1j\u00e1rul\u00e1sa n\u00e9lk\u00fcl is elhelyezhetj\u00fck.<br \/><strong>5.2 C\u00e9lz\u00f3- \u00e9s hirdet\u00e9si s\u00fctik<\/strong><br \/>Ezeknek a s\u00fctiknek az a c\u00e9lja, hogy \u00e1ltaluk m\u00e9g ink\u00e1bb az \u00d6nt \u00e9rdekl\u0151 vagy az \u00d6n sz\u00e1m\u00e1ra relev\u00e1ns hirdet\u00e9sek jelenjenek meg a weboldalakon. Ezek a s\u00fctik az \u00d6n hozz\u00e1j\u00e1rul\u00e1sa n\u00e9lk\u00fcl nem tudj\u00e1k \u00d6nt szem\u00e9ly szerint beazonos\u00edtani, olyan inform\u00e1ci\u00f3kat gy\u0171jtenek, mint pl. hogy melyik oldalt n\u00e9zte meg a l\u00e1togat\u00f3nk, a felhaszn\u00e1l\u00f3 a weboldal mely r\u00e9sz\u00e9re kattintott, h\u00e1ny oldalt keresett fel, mindezt az \u00d6n \u00e9rdekl\u0151d\u00e9s\u00e9re sz\u00e1mot tart\u00f3 tartalmak megismer\u00e9se \u00e9rdek\u00e9ben.<br \/>Amennyiben azonban ehhez hozz\u00e1j\u00e1rult, a weboldal haszn\u00e1lat nyomon k\u00f6vet\u00e9se sor\u00e1n \u00f6sszegy\u0171jt\u00f6tt inform\u00e1ci\u00f3kat egy\u00fcttesen haszn\u00e1lhatjuk fel az \u00d6n szem\u00e9lyes adataival, annak \u00e9rdek\u00e9ben, hogy marketing kommunik\u00e1ci\u00f3nkat m\u00e9g jobban az \u00d6n ig\u00e9nyeihez igaz\u00edthassuk \u00e9s az \u00d6n sz\u00e1m\u00e1ra min\u00e9l ink\u00e1bb szem\u00e9lyre szabott aj\u00e1nlatokra h\u00edvjuk fel a figyelm\u00e9t.<br \/><strong>5.3 K\u00f6z\u00f6ss\u00e9gi m\u00e9dia gombok<\/strong><br \/>Weboldalunkon gombokat helyezt\u00fcnk el a Facebook \u00e9s Instagram sz\u00e1m\u00e1ra a weboldalak n\u00e9pszer\u0171s\u00edt\u00e9s\u00e9re (pl. \u201etetszik\u201d, \u201epin\u201d) vagy megoszt\u00e1sra (pl. \u201etweet\u201d) olyan k\u00f6z\u00f6ss\u00e9gi h\u00e1l\u00f3zatokon, mint a Facebook \u00e9s az Instagram. Ezek a gombok magukt\u00f3l a Facebookt\u00f3l \u00e9s az Instagramt\u00f3l sz\u00e1rmaz\u00f3 k\u00f3dr\u00e9szletekkel m\u0171k\u00f6dnek. Ez a k\u00f3d s\u00fctiket helyez el. Ezek a k\u00f6z\u00f6ss\u00e9gi m\u00e9dia gombok bizonyos inform\u00e1ci\u00f3kat is t\u00e1rolhatnak \u00e9s feldolgozhatnak, \u00edgy szem\u00e9lyre szabott hirdet\u00e9s jelen\u00edthet\u0151 meg.<\/p>\n<p style=\"text-align: left;\">K\u00e9rj\u00fck, olvassa el ezen k\u00f6z\u00f6ss\u00e9gi h\u00e1l\u00f3zatok adatv\u00e9delmi nyilatkozat\u00e1t (amely rendszeresen v\u00e1ltozhat), hogy elolvassa, mit tesznek az \u00d6n (szem\u00e9lyes) adataival, amelyeket ezekkel a s\u00fctik-kel dolgoznak fel. A visszakeresett adatok a lehet\u0151 legnagyobb m\u00e9rt\u00e9kben anonimiz\u00e1ltak. A Facebook \u00e9s az Instagram az Egyes\u00fclt \u00c1llamokban tal\u00e1lhat\u00f3.<\/p>\n<h2 style=\"text-align: left;\">6. Beleegyez\u00e9s<\/h2>\n<p style=\"text-align: left;\">Amikor el\u0151sz\u00f6r l\u00e1togatja meg weboldalunkat, egy felugr\u00f3 ablakot jelen\u00edt\u00fcnk meg a s\u00fctikr\u0151l sz\u00f3l\u00f3 magyar\u00e1zattal. Amint r\u00e1kattint a \u201eMent\u00e9s\u201d gombra, beleegyezik abba, hogy az el\u0151ugr\u00f3 ablakban kiv\u00e1lasztott s\u00fctik-kateg\u00f3ri\u00e1kat \u00e9s be\u00e9p\u00fcl\u0151 modulokat haszn\u00e1ljuk a jelen S\u00fcti-szab\u00e1lyzatban le\u00edrtak szerint. B\u00f6ng\u00e9sz\u0151j\u00e9n kereszt\u00fcl letilthatja a s\u00fctik haszn\u00e1lat\u00e1t, de vegye figyelembe, hogy el\u0151fordulhat, hogy weboldalunk m\u00e1r nem fog megfelel\u0151en m\u0171k\u00f6dni.<\/p>\n<h2 style=\"text-align: left;\">7. Az \u00d6n jogai<\/h2>\n<p style=\"text-align: left;\">Szem\u00e9lyes adataival kapcsolatban az al\u00e1bbi jogokkal rendelkezik:<\/p>\n<ul style=\"text-align: left;\">\n<li>\u00d6nnek joga van tudni, hogy mi\u00e9rt van sz\u00fcks\u00e9g szem\u00e9lyes adataira, mi t\u00f6rt\u00e9nik vel\u00fck, \u00e9s mennyi ideig \u0151rzik meg azokat.<\/li>\n<li>Hozz\u00e1f\u00e9r\u00e9si jog: \u00d6nnek joga van hozz\u00e1f\u00e9rni az \u00e1ltalunk ismert szem\u00e9lyes adataihoz.<\/li>\n<li>Helyesb\u00edt\u00e9shez val\u00f3 jog: \u00d6n b\u00e1rmikor jogosult szem\u00e9lyes adatait kieg\u00e9sz\u00edteni, helyesb\u00edteni, t\u00f6r\u00f6lni vagy z\u00e1rolni.<\/li>\n<li>Ha hozz\u00e1j\u00e1rul\u00e1s\u00e1t adja adatai kezel\u00e9s\u00e9hez, \u00d6nnek jog\u00e1ban \u00e1ll visszavonni a hozz\u00e1j\u00e1rul\u00e1s\u00e1t, \u00e9s t\u00f6r\u00f6lni szem\u00e9lyes adatait.<\/li>\n<li>Adatai tov\u00e1bb\u00edt\u00e1s\u00e1hoz val\u00f3 jog: jogosult arra, hogy valamennyi szem\u00e9lyes adat\u00e1t az adatkezel\u0151t\u0151l k\u00e9rje, \u00e9s azokat teljes eg\u00e9sz\u00e9ben egy m\u00e1sik adatkezel\u0151nek tov\u00e1bb\u00edtsa.<\/li>\n<li>Tiltakoz\u00e1si jog: \u00d6n tiltakozhat adatai kezel\u00e9se ellen. Ennek betartjuk, kiv\u00e9ve, ha az adatkezel\u00e9snek indokolt oka van.<\/li>\n<\/ul>\n<p style=\"text-align: left;\">E jogok gyakorl\u00e1s\u00e1hoz vegye fel vel\u00fcnk a kapcsolatot. K\u00e9rj\u00fck, tekintse meg a jelen Cookie-szab\u00e1lyzat alj\u00e1n tal\u00e1lhat\u00f3 el\u00e9rhet\u0151s\u00e9geket. Ha panasza van azzal kapcsolatban, hogy hogyan kezelj\u00fck adatait, sz\u00edvesen k\u00e9rdez\u00fcnk, de joga van panaszt beny\u00fajtani a fel\u00fcgyeleti hat\u00f3s\u00e1ghoz (Adatv\u00e9delmi Hat\u00f3s\u00e1g).<\/p>\n<h2 style=\"text-align: left;\">8. Hogyan ellen\u0151rizheti, \u00e9s hogyan tudja kikapcsolnia a s\u00fctiket?<\/h2>\n<p style=\"text-align: left;\">Minden modern b\u00f6ng\u00e9sz\u0151 enged\u00e9lyezi a s\u00fctik be\u00e1ll\u00edt\u00e1s\u00e1nak a v\u00e1ltoztat\u00e1s\u00e1t. A legt\u00f6bb b\u00f6ng\u00e9sz\u0151 alap\u00e9rtelmezettk\u00e9nt automatikusan elfogadja a s\u00fctiket, ezek a be\u00e1ll\u00edt\u00e1sok azonban \u00e1ltal\u00e1ban megv\u00e1ltoztathat\u00f3k, \u00edgy a b\u00f6ng\u00e9sz\u0151 meg tudja akad\u00e1lyozni az automatikus elfogad\u00e1st, \u00e9s minden alkalommal fel tudja aj\u00e1nlani a v\u00e1laszt\u00e1s lehet\u0151s\u00e9g\u00e9t, hogy enged\u00e9lyezi-e a s\u00fctiket.<br \/>Felh\u00edvjuk figyelm\u00e9t, hogy mivel a s\u00fctik c\u00e9lja weboldalunk haszn\u00e1lhat\u00f3s\u00e1g\u00e1nak \u00e9s folyamatainak megk\u00f6nny\u00edt\u00e9se vagy lehet\u0151v\u00e9 t\u00e9tele, a cookie-k alkalmaz\u00e1s\u00e1nak megakad\u00e1lyoz\u00e1sa vagy t\u00f6rl\u00e9se miatt el\u0151fordulhat, hogy nem tudja weboldalunk funkci\u00f3it teljes k\u00f6r\u0171en haszn\u00e1lni, illetve hogy a weboldal a tervezett\u0151l elt\u00e9r\u0151en fog m\u0171k\u00f6dni b\u00f6ng\u00e9sz\u0151j\u00e9ben.<br \/><strong>A legn\u00e9pszer\u0171bb b\u00f6ng\u00e9sz\u0151k s\u00fcti be\u00e1ll\u00edt\u00e1sair\u00f3l az al\u00e1bbi linkeken t\u00e1j\u00e9koz\u00f3dhat:<\/strong><\/p>\n<ul class=\"ul1\" style=\"text-align: left;\">\n<li class=\"li4\"><span class=\"s1\"><a href=\"https:\/\/support.google.com\/accounts\/answer\/61416?hl=hu\"><span class=\"s2\">Google Chrome<\/span><\/a><\/span><\/li>\n<li class=\"li4\"><span class=\"s1\"><a href=\"https:\/\/support.mozilla.org\/hu\/kb\/sutik-informacio-amelyet-weboldalak-tarolnak-szami\"><span class=\"s2\">Firefox<\/span><\/a><\/span><\/li>\n<li class=\"li4\"><span class=\"s1\"><a href=\"https:\/\/support.microsoft.com\/hu-hu\/help\/17442\/windows-internet-explorer-delete-manage-cookies%23ie=ie-11\"><span class=\"s2\">Microsoft Internet Explorer<\/span><\/a><\/span><\/li>\n<li class=\"li4\"><span class=\"s1\"><a href=\"https:\/\/privacy.microsoft.com\/hu-hu\/windows-10-microsoft-edge-and-privacy\"><span class=\"s2\">Microsoft Edge<\/span><\/a><\/span><\/li>\n<li class=\"li4\"><span class=\"s1\"><a href=\"https:\/\/support.apple.com\/hu-hu\/guide\/safari\/manage-cookies-and-website-data-sfri11471\/mac\"><span class=\"s2\">Safari<\/span><\/a><\/span><\/li>\n<\/ul>\n<h2 style=\"text-align: left;\">9. El\u00e9rhet\u0151s\u00e9gek<\/h2>\n<p class=\"p1\" style=\"text-align: left;\"><strong>Claim Data Beratungsgesellschaft m.b.H.<\/strong><br \/>Firmenregisternr.: 13-09-068582<br \/>Steuernr.: 10732281-2-13<br \/>Sitz: 2096 \u00dcr\u00f6m, J\u00f3zsef n\u00e1dor u. 4.<br \/>Telephely: 1023 Budapest, Margit krt. 43-45. IV\/9<br \/>Telefon: +30-9326-156<br \/><span class=\"s1\">E-mail: <span class=\"s2\"><a href=\"mailto:info@claimdata.hu\">info@claimdata.hu<\/a><\/span><br \/><\/span><\/p>\n<p>[\/et_pb_text][\/et_pb_column][\/et_pb_row][\/et_pb_section]<\/p>","protected":false},"excerpt":{"rendered":"<p>Claim Data Tan\u00e1csad\u00f3 kft. Cookie szab\u00e1lyzat1. Bevezet\u00e9s Weboldalunk, a www.claimdata.hu (a tov\u00e1bbiakban: \u201eweboldal\u201d) s\u00fctiket \u00e9s egy\u00e9b kapcsol\u00f3d\u00f3 technol\u00f3gi\u00e1kat haszn\u00e1l (a k\u00e9nyelem kedv\u00e9\u00e9rt minden technol\u00f3gi\u00e1t \u201es\u00fctinek\u201d nevez\u00fcnk). A s\u00fctiket az \u00e1ltalunk bevont harmadik felek is elhelyezik. Az al\u00e1bbi dokumentumban t\u00e1j\u00e9koztatjuk \u00d6nt weboldalunkon a s\u00fctik haszn\u00e1lat\u00e1r\u00f3l. 2. Mi az a Cookie? A cookie (magyarul \u201es\u00fcti\u201d) egy olyan [&hellip;]<\/p>","protected":false},"author":1,"featured_media":0,"parent":0,"menu_order":0,"comment_status":"closed","ping_status":"closed","template":"","meta":{"_et_pb_use_builder":"on","_et_pb_old_content":"","_et_gb_content_width":"","footnotes":""},"class_list":["post-484","page","type-page","status-publish","hentry"],"yoast_head":"<!-- This site is optimized with the Yoast SEO plugin v21.5 - https:\/\/yoast.com\/wordpress\/plugins\/seo\/ -->\n<title>Cookie szab\u00e1lyzat - Claim Data Tan\u00e1csad\u00f3 Kft.<\/title>\n<meta name=\"description\" content=\"S\u00e9relemd\u00edj tan\u00e1csad\u00e1s! Ne k\u00e9rj keveset, de t\u00fal sokat sem! A b\u00edr\u00f3s\u00e1gi gyakorlat alapj\u00e1n a s\u00e9relemd\u00edj re\u00e1lis \u00f6sszeg\u00e9t megbecs\u00fclj\u00fck.\" \/>\n<meta name=\"robots\" content=\"index, follow, max-snippet:-1, max-image-preview:large, max-video-preview:-1\" \/>\n<link rel=\"canonical\" href=\"https:\/\/claimdata.hu\/de\/cookie-szabalyzat\/\" \/>\n<meta property=\"og:locale\" content=\"de_DE\" \/>\n<meta property=\"og:type\" content=\"article\" \/>\n<meta property=\"og:title\" content=\"Cookie szab\u00e1lyzat - Claim Data Tan\u00e1csad\u00f3 Kft.\" \/>\n<meta property=\"og:description\" content=\"S\u00e9relemd\u00edj tan\u00e1csad\u00e1s! Ne k\u00e9rj keveset, de t\u00fal sokat sem! A b\u00edr\u00f3s\u00e1gi gyakorlat alapj\u00e1n a s\u00e9relemd\u00edj re\u00e1lis \u00f6sszeg\u00e9t megbecs\u00fclj\u00fck.\" \/>\n<meta property=\"og:url\" content=\"https:\/\/claimdata.hu\/de\/cookie-szabalyzat\/\" \/>\n<meta property=\"og:site_name\" content=\"Claim Data Tan\u00e1csad\u00f3 Kft.\" \/>\n<meta property=\"article:modified_time\" content=\"2023-04-02T20:45:08+00:00\" \/>\n<meta property=\"og:image\" content=\"https:\/\/claimdata.hu\/wp-content\/uploads\/claimdata_logo_fo.jpg\" \/>\n\t<meta property=\"og:image:width\" content=\"1289\" \/>\n\t<meta property=\"og:image:height\" content=\"779\" \/>\n\t<meta property=\"og:image:type\" content=\"image\/jpeg\" \/>\n<meta name=\"twitter:card\" content=\"summary_large_image\" \/>\n<meta name=\"twitter:label1\" content=\"Gesch\u00e4tzte Lesezeit\" \/>\n\t<meta name=\"twitter:data1\" content=\"8\u00a0Minuten\" \/>\n<script type=\"application\/ld+json\" class=\"yoast-schema-graph\">{\"@context\":\"https:\/\/schema.org\",\"@graph\":[{\"@type\":\"WebPage\",\"@id\":\"https:\/\/claimdata.hu\/cookie-szabalyzat\/\",\"url\":\"https:\/\/claimdata.hu\/cookie-szabalyzat\/\",\"name\":\"Cookie szab\u00e1lyzat - Claim Data Tan\u00e1csad\u00f3 Kft.\",\"isPartOf\":{\"@id\":\"https:\/\/claimdata.hu\/#website\"},\"datePublished\":\"2023-04-02T20:01:35+00:00\",\"dateModified\":\"2023-04-02T20:45:08+00:00\",\"description\":\"S\u00e9relemd\u00edj tan\u00e1csad\u00e1s! Ne k\u00e9rj keveset, de t\u00fal sokat sem! A b\u00edr\u00f3s\u00e1gi gyakorlat alapj\u00e1n a s\u00e9relemd\u00edj re\u00e1lis \u00f6sszeg\u00e9t megbecs\u00fclj\u00fck.\",\"breadcrumb\":{\"@id\":\"https:\/\/claimdata.hu\/cookie-szabalyzat\/#breadcrumb\"},\"inLanguage\":\"de\",\"potentialAction\":[{\"@type\":\"ReadAction\",\"target\":[\"https:\/\/claimdata.hu\/cookie-szabalyzat\/\"]}]},{\"@type\":\"BreadcrumbList\",\"@id\":\"https:\/\/claimdata.hu\/cookie-szabalyzat\/#breadcrumb\",\"itemListElement\":[{\"@type\":\"ListItem\",\"position\":1,\"name\":\"Kezd\u0151lap\",\"item\":\"https:\/\/claimdata.hu\/\"},{\"@type\":\"ListItem\",\"position\":2,\"name\":\"Cookie szab\u00e1lyzat\"}]},{\"@type\":\"WebSite\",\"@id\":\"https:\/\/claimdata.hu\/#website\",\"url\":\"https:\/\/claimdata.hu\/\",\"name\":\"Claim Data Tan\u00e1csad\u00f3 Kft.\",\"description\":\"S\u00e9relemd\u00edj tan\u00e1csad\u00e1s\",\"publisher\":{\"@id\":\"https:\/\/claimdata.hu\/#organization\"},\"alternateName\":\"Claim Data Tan\u00e1csad\u00f3 Kft.\",\"potentialAction\":[{\"@type\":\"SearchAction\",\"target\":{\"@type\":\"EntryPoint\",\"urlTemplate\":\"https:\/\/claimdata.hu\/?s={search_term_string}\"},\"query-input\":\"required name=search_term_string\"}],\"inLanguage\":\"de\"},{\"@type\":\"Organization\",\"@id\":\"https:\/\/claimdata.hu\/#organization\",\"name\":\"Claim Data Tan\u00e1csad\u00f3 Kft.\",\"url\":\"https:\/\/claimdata.hu\/\",\"logo\":{\"@type\":\"ImageObject\",\"inLanguage\":\"de\",\"@id\":\"https:\/\/claimdata.hu\/#\/schema\/logo\/image\/\",\"url\":\"https:\/\/claimdata.hu\/wp-content\/uploads\/claimdata_logo_fo.jpg\",\"contentUrl\":\"https:\/\/claimdata.hu\/wp-content\/uploads\/claimdata_logo_fo.jpg\",\"width\":1289,\"height\":779,\"caption\":\"Claim Data Tan\u00e1csad\u00f3 Kft.\"},\"image\":{\"@id\":\"https:\/\/claimdata.hu\/#\/schema\/logo\/image\/\"}}]}<\/script>\n<!-- \/ Yoast SEO plugin. -->","yoast_head_json":{"title":"Cookie szab\u00e1lyzat - Claim Data Tan\u00e1csad\u00f3 Kft.","description":"S\u00e9relemd\u00edj tan\u00e1csad\u00e1s! Ne k\u00e9rj keveset, de t\u00fal sokat sem! A b\u00edr\u00f3s\u00e1gi gyakorlat alapj\u00e1n a s\u00e9relemd\u00edj re\u00e1lis \u00f6sszeg\u00e9t megbecs\u00fclj\u00fck.","robots":{"index":"index","follow":"follow","max-snippet":"max-snippet:-1","max-image-preview":"max-image-preview:large","max-video-preview":"max-video-preview:-1"},"canonical":"https:\/\/claimdata.hu\/de\/cookie-szabalyzat\/","og_locale":"de_DE","og_type":"article","og_title":"Cookie szab\u00e1lyzat - Claim Data Tan\u00e1csad\u00f3 Kft.","og_description":"S\u00e9relemd\u00edj tan\u00e1csad\u00e1s! Ne k\u00e9rj keveset, de t\u00fal sokat sem! A b\u00edr\u00f3s\u00e1gi gyakorlat alapj\u00e1n a s\u00e9relemd\u00edj re\u00e1lis \u00f6sszeg\u00e9t megbecs\u00fclj\u00fck.","og_url":"https:\/\/claimdata.hu\/de\/cookie-szabalyzat\/","og_site_name":"Claim Data Tan\u00e1csad\u00f3 Kft.","article_modified_time":"2023-04-02T20:45:08+00:00","og_image":[{"width":1289,"height":779,"url":"https:\/\/claimdata.hu\/wp-content\/uploads\/claimdata_logo_fo.jpg","type":"image\/jpeg"}],"twitter_card":"summary_large_image","twitter_misc":{"Gesch\u00e4tzte Lesezeit":"8\u00a0Minuten"},"schema":{"@context":"https:\/\/schema.org","@graph":[{"@type":"WebPage","@id":"https:\/\/claimdata.hu\/cookie-szabalyzat\/","url":"https:\/\/claimdata.hu\/cookie-szabalyzat\/","name":"Cookie szab\u00e1lyzat - Claim Data Tan\u00e1csad\u00f3 Kft.","isPartOf":{"@id":"https:\/\/claimdata.hu\/#website"},"datePublished":"2023-04-02T20:01:35+00:00","dateModified":"2023-04-02T20:45:08+00:00","description":"S\u00e9relemd\u00edj tan\u00e1csad\u00e1s! Ne k\u00e9rj keveset, de t\u00fal sokat sem! A b\u00edr\u00f3s\u00e1gi gyakorlat alapj\u00e1n a s\u00e9relemd\u00edj re\u00e1lis \u00f6sszeg\u00e9t megbecs\u00fclj\u00fck.","breadcrumb":{"@id":"https:\/\/claimdata.hu\/cookie-szabalyzat\/#breadcrumb"},"inLanguage":"de","potentialAction":[{"@type":"ReadAction","target":["https:\/\/claimdata.hu\/cookie-szabalyzat\/"]}]},{"@type":"BreadcrumbList","@id":"https:\/\/claimdata.hu\/cookie-szabalyzat\/#breadcrumb","itemListElement":[{"@type":"ListItem","position":1,"name":"Kezd\u0151lap","item":"https:\/\/claimdata.hu\/"},{"@type":"ListItem","position":2,"name":"Cookie szab\u00e1lyzat"}]},{"@type":"WebSite","@id":"https:\/\/claimdata.hu\/#website","url":"https:\/\/claimdata.hu\/","name":"Claim Data Tan\u00e1csad\u00f3 Kft.","description":"S\u00e9relemd\u00edj tan\u00e1csad\u00e1s","publisher":{"@id":"https:\/\/claimdata.hu\/#organization"},"alternateName":"Claim Data Tan\u00e1csad\u00f3 Kft.","potentialAction":[{"@type":"SearchAction","target":{"@type":"EntryPoint","urlTemplate":"https:\/\/claimdata.hu\/?s={search_term_string}"},"query-input":"required name=search_term_string"}],"inLanguage":"de"},{"@type":"Organization","@id":"https:\/\/claimdata.hu\/#organization","name":"Claim Data Tan\u00e1csad\u00f3 Kft.","url":"https:\/\/claimdata.hu\/","logo":{"@type":"ImageObject","inLanguage":"de","@id":"https:\/\/claimdata.hu\/#\/schema\/logo\/image\/","url":"https:\/\/claimdata.hu\/wp-content\/uploads\/claimdata_logo_fo.jpg","contentUrl":"https:\/\/claimdata.hu\/wp-content\/uploads\/claimdata_logo_fo.jpg","width":1289,"height":779,"caption":"Claim Data Tan\u00e1csad\u00f3 Kft."},"image":{"@id":"https:\/\/claimdata.hu\/#\/schema\/logo\/image\/"}}]}},"_links":{"self":[{"href":"https:\/\/claimdata.hu\/de\/wp-json\/wp\/v2\/pages\/484","targetHints":{"allow":["GET"]}}],"collection":[{"href":"https:\/\/claimdata.hu\/de\/wp-json\/wp\/v2\/pages"}],"about":[{"href":"https:\/\/claimdata.hu\/de\/wp-json\/wp\/v2\/types\/page"}],"author":[{"embeddable":true,"href":"https:\/\/claimdata.hu\/de\/wp-json\/wp\/v2\/users\/1"}],"replies":[{"embeddable":true,"href":"https:\/\/claimdata.hu\/de\/wp-json\/wp\/v2\/comments?post=484"}],"version-history":[{"count":4,"href":"https:\/\/claimdata.hu\/de\/wp-json\/wp\/v2\/pages\/484\/revisions"}],"predecessor-version":[{"id":509,"href":"https:\/\/claimdata.hu\/de\/wp-json\/wp\/v2\/pages\/484\/revisions\/509"}],"wp:attachment":[{"href":"https:\/\/claimdata.hu\/de\/wp-json\/wp\/v2\/media?parent=484"}],"curies":[{"name":"wp","href":"https:\/\/api.w.org\/{rel}","templated":true}]}}