{"id":390,"date":"2023-04-02T14:30:32","date_gmt":"2023-04-02T12:30:32","guid":{"rendered":"https:\/\/claimdata.hu\/?page_id=390"},"modified":"2023-04-20T11:32:58","modified_gmt":"2023-04-20T09:32:58","slug":"emberi-meltosaghoz-valo-jog","status":"publish","type":"page","link":"https:\/\/claimdata.hu\/de\/emberi-meltosaghoz-valo-jog\/","title":{"rendered":"Emberi m\u00e9lt\u00f3s\u00e1ghoz val\u00f3 jog"},"content":{"rendered":"<p>[et_pb_section fb_built=&#8221;1&#8243; custom_padding_last_edited=&#8221;on|phone&#8221; admin_label=&#8221;About&#8221; _builder_version=&#8221;4.20.2&#8243; use_background_color_gradient=&#8221;on&#8221; background_color_gradient_direction=&#8221;-131deg&#8221; background_color_gradient_stops=&#8221;#1f1f26 0%|rgba(31,31,38,0.86) 100%&#8221; background_color_gradient_start=&#8221;rgba(31,31,38,0.88)&#8221; background_color_gradient_end=&#8221;rgba(31,31,38,0.24)&#8221; background_enable_image=&#8221;off&#8221; background_pattern_repeat_origin=&#8221;center&#8221; custom_padding=&#8221;80px||80px|||&#8221; custom_padding_tablet=&#8221;50px||||false|false&#8221; custom_padding_phone=&#8221;&#8221; global_colors_info=&#8221;{}&#8221;][et_pb_row _builder_version=&#8221;4.20.2&#8243; background_color=&#8221;#f1f1f1&#8243; custom_padding=&#8221;80px||80px||false|false&#8221; hover_enabled=&#8221;0&#8243; global_colors_info=&#8221;{}&#8221; sticky_enabled=&#8221;0&#8243;][et_pb_column type=&#8221;4_4&#8243; _builder_version=&#8221;4.16&#8243; global_colors_info=&#8221;{}&#8221;][et_pb_text _builder_version=&#8221;4.20.2&#8243; header_2_font=&#8221;Prata||||||||&#8221; header_2_font_size=&#8221;40px&#8221; header_2_line_height=&#8221;1.4em&#8221; header_4_font=&#8221;|700||on|||||&#8221; header_4_text_color=&#8221;#bea88f&#8221; header_4_font_size=&#8221;12px&#8221; header_4_letter_spacing=&#8221;2.6px&#8221; header_4_line_height=&#8221;1.6em&#8221; text_orientation=&#8221;center&#8221; module_alignment=&#8221;center&#8221; header_2_font_size_tablet=&#8221;34px&#8221; header_2_font_size_phone=&#8221;28px&#8221; header_2_font_size_last_edited=&#8221;on|phone&#8221; locked=&#8221;off&#8221; global_colors_info=&#8221;{}&#8221;]<\/p>\n<h4>Claim Data Beratungsgesellschaft m.b.H.<\/h4>\n<h2>Emberi m\u00e9lt\u00f3s\u00e1ghoz val\u00f3 jog<\/h2>\n<p>[\/et_pb_text][et_pb_text _builder_version=&#8221;4.20.4&#8243; text_text_color=&#8221;#666666&#8243; ul_line_height=&#8221;2em&#8221; text_orientation=&#8221;center&#8221; max_width=&#8221;800px&#8221; module_alignment=&#8221;center&#8221; hover_enabled=&#8221;0&#8243; locked=&#8221;off&#8221; global_colors_info=&#8221;{}&#8221; sticky_enabled=&#8221;0&#8243;]<\/p>\n<p class=\"p1\" style=\"text-align: left;\">Az emberi m\u00e9lt\u00f3s\u00e1ghoz val\u00f3 jog s\u00e9r\u00fcl, ha a s\u00e9rtettel szemben a mindenkinek kij\u00e1r\u00f3 tiszteletet s\u00e9rt\u0151 m\u00f3don j\u00e1rnak el.<\/p>\n<p style=\"text-align: left;\"><strong>S\u00e9r\u00fclhet az emberi m\u00e9lt\u00f3s\u00e1ghoz val\u00f3 jog pl.:<\/strong><\/p>\n<ul class=\"ul1\" style=\"padding-bottom: 8px;\">\n<li class=\"li1\" style=\"text-align: left;\"><span class=\"s1\"><\/span>iskolai szegreg\u00e1ci\u00f3<\/li>\n<li class=\"li1\" style=\"text-align: left;\"><span class=\"s1\"><\/span>b\u0151rsz\u00edn miatt boltba, nyilv\u00e1nos helyre t\u00f6rt\u00e9n\u0151 bel\u00e9p\u00e9s megtilt\u00e1sa<\/li>\n<li class=\"li1\" style=\"text-align: left;\"><span class=\"s1\"><\/span>gyermek szellemi sz\u00ednvonala alatti iskol\u00e1ba utal\u00e1sa<\/li>\n<li class=\"li1\" style=\"text-align: left;\"><span class=\"s1\"><\/span>mozg\u00e1ss\u00e9r\u00fclt k\u00f6zleked\u00e9se akad\u00e1lymentes\u00edt\u00e9s\u00e9nek elmulaszt\u00e1sa<\/li>\n<li class=\"li1\" style=\"text-align: left;\"><span class=\"s1\"><\/span>n\u00e9v feletti g\u00fanyol\u00f3d\u00e1s<\/li>\n<li class=\"li1\" style=\"text-align: left;\"><span class=\"s1\"><\/span>k\u00e9pm\u00e1ssal val\u00f3 vissza\u00e9l\u00e9s (enged\u00e9ly n\u00e9lk\u00fcli nyilv\u00e1noss\u00e1gra hoz\u00e1s, f\u00e9nyk\u00e9p jogellenes felhaszn\u00e1l\u00e1sa)<\/li>\n<li class=\"li1\" style=\"text-align: left;\"><span class=\"s1\"><\/span>hang enged\u00e9ly n\u00e9lk\u00fcli felv\u00e9tele \u00e9s lej\u00e1tsz\u00e1sa<\/li>\n<li class=\"li1\" style=\"text-align: left;\"><span class=\"s1\"><\/span>enged\u00e9ly n\u00e9lk\u00fcli lehallgat\u00e1s stb.<\/li>\n<\/ul>\n<p style=\"text-align: left;\">folyt\u00e1n.<\/p>\n<p>[\/et_pb_text][\/et_pb_column][\/et_pb_row][\/et_pb_section]<\/p>","protected":false},"excerpt":{"rendered":"<p>Claim Data Tan\u00e1csad\u00f3 kft. Emberi m\u00e9lt\u00f3s\u00e1ghoz val\u00f3 jogAz emberi m\u00e9lt\u00f3s\u00e1ghoz val\u00f3 jog s\u00e9r\u00fcl, ha a s\u00e9rtettel szemben a mindenkinek kij\u00e1r\u00f3 tiszteletet s\u00e9rt\u0151 m\u00f3don j\u00e1rnak el. S\u00e9r\u00fclhet az emberi m\u00e9lt\u00f3s\u00e1ghoz val\u00f3 jog pl.: iskolai szegreg\u00e1ci\u00f3 b\u0151rsz\u00edn miatt boltba, nyilv\u00e1nos helyre t\u00f6rt\u00e9n\u0151 bel\u00e9p\u00e9s megtilt\u00e1sa gyermek szellemi sz\u00ednvonala alatti iskol\u00e1ba utal\u00e1sa mozg\u00e1ss\u00e9r\u00fclt k\u00f6zleked\u00e9se akad\u00e1lymentes\u00edt\u00e9s\u00e9nek elmulaszt\u00e1sa n\u00e9v feletti g\u00fanyol\u00f3d\u00e1s [&hellip;]<\/p>","protected":false},"author":1,"featured_media":0,"parent":0,"menu_order":0,"comment_status":"closed","ping_status":"closed","template":"","meta":{"_et_pb_use_builder":"on","_et_pb_old_content":"","_et_gb_content_width":"","footnotes":""},"class_list":["post-390","page","type-page","status-publish","hentry"],"yoast_head":"<!-- This site is optimized with the Yoast SEO plugin v21.5 - https:\/\/yoast.com\/wordpress\/plugins\/seo\/ -->\n<title>Emberi m\u00e9lt\u00f3s\u00e1ghoz val\u00f3 jog - Claim Data Tan\u00e1csad\u00f3 Kft.<\/title>\n<meta name=\"description\" content=\"S\u00e9relemd\u00edj tan\u00e1csad\u00e1s! Ne k\u00e9rj keveset, de t\u00fal sokat sem! A b\u00edr\u00f3s\u00e1gi gyakorlat alapj\u00e1n a s\u00e9relemd\u00edj re\u00e1lis \u00f6sszeg\u00e9t megbecs\u00fclj\u00fck.\" \/>\n<meta name=\"robots\" content=\"index, follow, max-snippet:-1, max-image-preview:large, max-video-preview:-1\" \/>\n<link rel=\"canonical\" href=\"https:\/\/claimdata.hu\/de\/emberi-meltosaghoz-valo-jog\/\" \/>\n<meta property=\"og:locale\" content=\"de_DE\" \/>\n<meta property=\"og:type\" content=\"article\" \/>\n<meta property=\"og:title\" content=\"Emberi m\u00e9lt\u00f3s\u00e1ghoz val\u00f3 jog - Claim Data Tan\u00e1csad\u00f3 Kft.\" \/>\n<meta property=\"og:description\" content=\"S\u00e9relemd\u00edj tan\u00e1csad\u00e1s! Ne k\u00e9rj keveset, de t\u00fal sokat sem! A b\u00edr\u00f3s\u00e1gi gyakorlat alapj\u00e1n a s\u00e9relemd\u00edj re\u00e1lis \u00f6sszeg\u00e9t megbecs\u00fclj\u00fck.\" \/>\n<meta property=\"og:url\" content=\"https:\/\/claimdata.hu\/de\/emberi-meltosaghoz-valo-jog\/\" \/>\n<meta property=\"og:site_name\" content=\"Claim Data Tan\u00e1csad\u00f3 Kft.\" \/>\n<meta property=\"article:modified_time\" content=\"2023-04-20T09:32:58+00:00\" \/>\n<meta property=\"og:image\" content=\"https:\/\/claimdata.hu\/wp-content\/uploads\/claimdata_logo_fo.jpg\" \/>\n\t<meta property=\"og:image:width\" content=\"1289\" \/>\n\t<meta property=\"og:image:height\" content=\"779\" \/>\n\t<meta property=\"og:image:type\" content=\"image\/jpeg\" \/>\n<meta name=\"twitter:card\" content=\"summary_large_image\" \/>\n<meta name=\"twitter:label1\" content=\"Gesch\u00e4tzte Lesezeit\" \/>\n\t<meta name=\"twitter:data1\" content=\"2\u00a0Minuten\" \/>\n<script type=\"application\/ld+json\" class=\"yoast-schema-graph\">{\"@context\":\"https:\/\/schema.org\",\"@graph\":[{\"@type\":\"WebPage\",\"@id\":\"https:\/\/claimdata.hu\/emberi-meltosaghoz-valo-jog\/\",\"url\":\"https:\/\/claimdata.hu\/emberi-meltosaghoz-valo-jog\/\",\"name\":\"Emberi m\u00e9lt\u00f3s\u00e1ghoz val\u00f3 jog - Claim Data Tan\u00e1csad\u00f3 Kft.\",\"isPartOf\":{\"@id\":\"https:\/\/claimdata.hu\/#website\"},\"datePublished\":\"2023-04-02T12:30:32+00:00\",\"dateModified\":\"2023-04-20T09:32:58+00:00\",\"description\":\"S\u00e9relemd\u00edj tan\u00e1csad\u00e1s! Ne k\u00e9rj keveset, de t\u00fal sokat sem! A b\u00edr\u00f3s\u00e1gi gyakorlat alapj\u00e1n a s\u00e9relemd\u00edj re\u00e1lis \u00f6sszeg\u00e9t megbecs\u00fclj\u00fck.\",\"breadcrumb\":{\"@id\":\"https:\/\/claimdata.hu\/emberi-meltosaghoz-valo-jog\/#breadcrumb\"},\"inLanguage\":\"de\",\"potentialAction\":[{\"@type\":\"ReadAction\",\"target\":[\"https:\/\/claimdata.hu\/emberi-meltosaghoz-valo-jog\/\"]}]},{\"@type\":\"BreadcrumbList\",\"@id\":\"https:\/\/claimdata.hu\/emberi-meltosaghoz-valo-jog\/#breadcrumb\",\"itemListElement\":[{\"@type\":\"ListItem\",\"position\":1,\"name\":\"Kezd\u0151lap\",\"item\":\"https:\/\/claimdata.hu\/\"},{\"@type\":\"ListItem\",\"position\":2,\"name\":\"Emberi m\u00e9lt\u00f3s\u00e1ghoz val\u00f3 jog\"}]},{\"@type\":\"WebSite\",\"@id\":\"https:\/\/claimdata.hu\/#website\",\"url\":\"https:\/\/claimdata.hu\/\",\"name\":\"Claim Data Tan\u00e1csad\u00f3 Kft.\",\"description\":\"S\u00e9relemd\u00edj tan\u00e1csad\u00e1s\",\"publisher\":{\"@id\":\"https:\/\/claimdata.hu\/#organization\"},\"alternateName\":\"Claim Data Tan\u00e1csad\u00f3 Kft.\",\"potentialAction\":[{\"@type\":\"SearchAction\",\"target\":{\"@type\":\"EntryPoint\",\"urlTemplate\":\"https:\/\/claimdata.hu\/?s={search_term_string}\"},\"query-input\":\"required name=search_term_string\"}],\"inLanguage\":\"de\"},{\"@type\":\"Organization\",\"@id\":\"https:\/\/claimdata.hu\/#organization\",\"name\":\"Claim Data Tan\u00e1csad\u00f3 Kft.\",\"url\":\"https:\/\/claimdata.hu\/\",\"logo\":{\"@type\":\"ImageObject\",\"inLanguage\":\"de\",\"@id\":\"https:\/\/claimdata.hu\/#\/schema\/logo\/image\/\",\"url\":\"https:\/\/claimdata.hu\/wp-content\/uploads\/claimdata_logo_fo.jpg\",\"contentUrl\":\"https:\/\/claimdata.hu\/wp-content\/uploads\/claimdata_logo_fo.jpg\",\"width\":1289,\"height\":779,\"caption\":\"Claim Data Tan\u00e1csad\u00f3 Kft.\"},\"image\":{\"@id\":\"https:\/\/claimdata.hu\/#\/schema\/logo\/image\/\"}}]}<\/script>\n<!-- \/ Yoast SEO plugin. -->","yoast_head_json":{"title":"Emberi m\u00e9lt\u00f3s\u00e1ghoz val\u00f3 jog - Claim Data Tan\u00e1csad\u00f3 Kft.","description":"S\u00e9relemd\u00edj tan\u00e1csad\u00e1s! Ne k\u00e9rj keveset, de t\u00fal sokat sem! A b\u00edr\u00f3s\u00e1gi gyakorlat alapj\u00e1n a s\u00e9relemd\u00edj re\u00e1lis \u00f6sszeg\u00e9t megbecs\u00fclj\u00fck.","robots":{"index":"index","follow":"follow","max-snippet":"max-snippet:-1","max-image-preview":"max-image-preview:large","max-video-preview":"max-video-preview:-1"},"canonical":"https:\/\/claimdata.hu\/de\/emberi-meltosaghoz-valo-jog\/","og_locale":"de_DE","og_type":"article","og_title":"Emberi m\u00e9lt\u00f3s\u00e1ghoz val\u00f3 jog - Claim Data Tan\u00e1csad\u00f3 Kft.","og_description":"S\u00e9relemd\u00edj tan\u00e1csad\u00e1s! Ne k\u00e9rj keveset, de t\u00fal sokat sem! A b\u00edr\u00f3s\u00e1gi gyakorlat alapj\u00e1n a s\u00e9relemd\u00edj re\u00e1lis \u00f6sszeg\u00e9t megbecs\u00fclj\u00fck.","og_url":"https:\/\/claimdata.hu\/de\/emberi-meltosaghoz-valo-jog\/","og_site_name":"Claim Data Tan\u00e1csad\u00f3 Kft.","article_modified_time":"2023-04-20T09:32:58+00:00","og_image":[{"width":1289,"height":779,"url":"https:\/\/claimdata.hu\/wp-content\/uploads\/claimdata_logo_fo.jpg","type":"image\/jpeg"}],"twitter_card":"summary_large_image","twitter_misc":{"Gesch\u00e4tzte Lesezeit":"2\u00a0Minuten"},"schema":{"@context":"https:\/\/schema.org","@graph":[{"@type":"WebPage","@id":"https:\/\/claimdata.hu\/emberi-meltosaghoz-valo-jog\/","url":"https:\/\/claimdata.hu\/emberi-meltosaghoz-valo-jog\/","name":"Emberi m\u00e9lt\u00f3s\u00e1ghoz val\u00f3 jog - Claim Data Tan\u00e1csad\u00f3 Kft.","isPartOf":{"@id":"https:\/\/claimdata.hu\/#website"},"datePublished":"2023-04-02T12:30:32+00:00","dateModified":"2023-04-20T09:32:58+00:00","description":"S\u00e9relemd\u00edj tan\u00e1csad\u00e1s! Ne k\u00e9rj keveset, de t\u00fal sokat sem! A b\u00edr\u00f3s\u00e1gi gyakorlat alapj\u00e1n a s\u00e9relemd\u00edj re\u00e1lis \u00f6sszeg\u00e9t megbecs\u00fclj\u00fck.","breadcrumb":{"@id":"https:\/\/claimdata.hu\/emberi-meltosaghoz-valo-jog\/#breadcrumb"},"inLanguage":"de","potentialAction":[{"@type":"ReadAction","target":["https:\/\/claimdata.hu\/emberi-meltosaghoz-valo-jog\/"]}]},{"@type":"BreadcrumbList","@id":"https:\/\/claimdata.hu\/emberi-meltosaghoz-valo-jog\/#breadcrumb","itemListElement":[{"@type":"ListItem","position":1,"name":"Kezd\u0151lap","item":"https:\/\/claimdata.hu\/"},{"@type":"ListItem","position":2,"name":"Emberi m\u00e9lt\u00f3s\u00e1ghoz val\u00f3 jog"}]},{"@type":"WebSite","@id":"https:\/\/claimdata.hu\/#website","url":"https:\/\/claimdata.hu\/","name":"Claim Data Tan\u00e1csad\u00f3 Kft.","description":"S\u00e9relemd\u00edj tan\u00e1csad\u00e1s","publisher":{"@id":"https:\/\/claimdata.hu\/#organization"},"alternateName":"Claim Data Tan\u00e1csad\u00f3 Kft.","potentialAction":[{"@type":"SearchAction","target":{"@type":"EntryPoint","urlTemplate":"https:\/\/claimdata.hu\/?s={search_term_string}"},"query-input":"required name=search_term_string"}],"inLanguage":"de"},{"@type":"Organization","@id":"https:\/\/claimdata.hu\/#organization","name":"Claim Data Tan\u00e1csad\u00f3 Kft.","url":"https:\/\/claimdata.hu\/","logo":{"@type":"ImageObject","inLanguage":"de","@id":"https:\/\/claimdata.hu\/#\/schema\/logo\/image\/","url":"https:\/\/claimdata.hu\/wp-content\/uploads\/claimdata_logo_fo.jpg","contentUrl":"https:\/\/claimdata.hu\/wp-content\/uploads\/claimdata_logo_fo.jpg","width":1289,"height":779,"caption":"Claim Data Tan\u00e1csad\u00f3 Kft."},"image":{"@id":"https:\/\/claimdata.hu\/#\/schema\/logo\/image\/"}}]}},"_links":{"self":[{"href":"https:\/\/claimdata.hu\/de\/wp-json\/wp\/v2\/pages\/390","targetHints":{"allow":["GET"]}}],"collection":[{"href":"https:\/\/claimdata.hu\/de\/wp-json\/wp\/v2\/pages"}],"about":[{"href":"https:\/\/claimdata.hu\/de\/wp-json\/wp\/v2\/types\/page"}],"author":[{"embeddable":true,"href":"https:\/\/claimdata.hu\/de\/wp-json\/wp\/v2\/users\/1"}],"replies":[{"embeddable":true,"href":"https:\/\/claimdata.hu\/de\/wp-json\/wp\/v2\/comments?post=390"}],"version-history":[{"count":5,"href":"https:\/\/claimdata.hu\/de\/wp-json\/wp\/v2\/pages\/390\/revisions"}],"predecessor-version":[{"id":635,"href":"https:\/\/claimdata.hu\/de\/wp-json\/wp\/v2\/pages\/390\/revisions\/635"}],"wp:attachment":[{"href":"https:\/\/claimdata.hu\/de\/wp-json\/wp\/v2\/media?parent=390"}],"curies":[{"name":"wp","href":"https:\/\/api.w.org\/{rel}","templated":true}]}}