{"id":380,"date":"2023-04-01T23:24:19","date_gmt":"2023-04-01T21:24:19","guid":{"rendered":"https:\/\/claimdata.hu\/?page_id=380"},"modified":"2023-04-18T11:05:12","modified_gmt":"2023-04-18T09:05:12","slug":"egeszseghez-testi-epseghez-valo-jog","status":"publish","type":"page","link":"https:\/\/claimdata.hu\/de\/egeszseghez-testi-epseghez-valo-jog\/","title":{"rendered":"Eg\u00e9szs\u00e9ghez, testi \u00e9ps\u00e9ghez val\u00f3 jog"},"content":{"rendered":"<p>[et_pb_section fb_built=&#8221;1&#8243; custom_padding_last_edited=&#8221;on|phone&#8221; admin_label=&#8221;About&#8221; _builder_version=&#8221;4.20.2&#8243; use_background_color_gradient=&#8221;on&#8221; background_color_gradient_direction=&#8221;-131deg&#8221; background_color_gradient_stops=&#8221;#1f1f26 0%|rgba(31,31,38,0.86) 100%&#8221; background_color_gradient_start=&#8221;rgba(31,31,38,0.88)&#8221; background_color_gradient_end=&#8221;rgba(31,31,38,0.24)&#8221; background_enable_image=&#8221;off&#8221; background_pattern_repeat_origin=&#8221;center&#8221; custom_padding=&#8221;80px||80px|||&#8221; custom_padding_tablet=&#8221;50px||||false|false&#8221; custom_padding_phone=&#8221;&#8221; global_colors_info=&#8221;{}&#8221;][et_pb_row _builder_version=&#8221;4.20.2&#8243; background_color=&#8221;#f1f1f1&#8243; custom_padding=&#8221;80px||80px||false|false&#8221; global_colors_info=&#8221;{}&#8221;][et_pb_column type=&#8221;4_4&#8243; _builder_version=&#8221;4.16&#8243; global_colors_info=&#8221;{}&#8221;][et_pb_text _builder_version=&#8221;4.20.2&#8243; header_2_font=&#8221;Prata||||||||&#8221; header_2_font_size=&#8221;40px&#8221; header_2_line_height=&#8221;1.3em&#8221; header_4_font=&#8221;|700||on|||||&#8221; header_4_text_color=&#8221;#bea88f&#8221; header_4_font_size=&#8221;12px&#8221; header_4_letter_spacing=&#8221;2.6px&#8221; header_4_line_height=&#8221;1.6em&#8221; text_orientation=&#8221;center&#8221; module_alignment=&#8221;center&#8221; header_2_font_size_tablet=&#8221;34px&#8221; header_2_font_size_phone=&#8221;28px&#8221; header_2_font_size_last_edited=&#8221;on|phone&#8221; locked=&#8221;off&#8221; global_colors_info=&#8221;{}&#8221;]<\/p>\n<h4>Claim Data Beratungsgesellschaft m.b.H.<\/h4>\n<h2>Eg\u00e9szs\u00e9ghez, testi \u00e9ps\u00e9ghez val\u00f3 jog<\/h2>\n<p>[\/et_pb_text][et_pb_text _builder_version=&#8221;4.20.4&#8243; text_text_color=&#8221;#666666&#8243; ul_line_height=&#8221;2em&#8221; text_orientation=&#8221;center&#8221; max_width=&#8221;800px&#8221; module_alignment=&#8221;center&#8221; custom_padding_tablet=&#8221;|50px||50px|false|false&#8221; custom_padding_phone=&#8221;|25px||24px|false|false&#8221; custom_padding_last_edited=&#8221;on|phone&#8221; hover_enabled=&#8221;0&#8243; locked=&#8221;off&#8221; global_colors_info=&#8221;{}&#8221; sticky_enabled=&#8221;0&#8243;]<\/p>\n<p class=\"p1\" style=\"text-align: left;\">Ez a jog s\u00e9r\u00fcl, ha a jogs\u00e9rt\u0151 a s\u00e9rtett testi-lelki s\u00e9r\u00fcl\u00e9s\u00e9nek, megbeteged\u00e9s\u00e9nek, szenved\u00e9s\u00e9nek okoz\u00f3ja, ami egyebek k\u00f6z\u00f6tt<\/p>\n<ul style=\"padding-bottom: 8px;\">\n<li class=\"p1\" style=\"text-align: left;\">k\u00f6z\u00fati vagy munkahelyi baleset<\/li>\n<li class=\"p1\" style=\"text-align: left;\">b\u00e1ntalmaz\u00e1s (hivatalos szerv \u00e1ltal, vereked\u00e9sben stb.)<\/li>\n<li class=\"p1\" style=\"text-align: left;\">orvosi m\u0171hiba<\/li>\n<li class=\"p1\" style=\"text-align: left;\">hib\u00e1s teljes\u00edt\u00e9s (pl. szakszer\u0171tlen \u00e9p\u00edt\u00e9s, elromlott h\u00e1ztart\u00e1si g\u00e9p, rossz min\u0151s\u00e9g\u0171 gyermekj\u00e1t\u00e9k vagy \u00e9lelmiszer stb.)<\/li>\n<\/ul>\n<p style=\"text-align: left;\">folyt\u00e1n k\u00f6vetkezhet be.<\/p>\n<p>[\/et_pb_text][\/et_pb_column][\/et_pb_row][\/et_pb_section]<\/p>","protected":false},"excerpt":{"rendered":"<p>Claim Data Tan\u00e1csad\u00f3 kft. Eg\u00e9szs\u00e9ghez, testi \u00e9ps\u00e9ghez val\u00f3 jogEz a jog s\u00e9r\u00fcl, ha a jogs\u00e9rt\u0151 a s\u00e9rtett testi-lelki s\u00e9r\u00fcl\u00e9s\u00e9nek, megbeteged\u00e9s\u00e9nek, szenved\u00e9s\u00e9nek okoz\u00f3ja, ami egyebek k\u00f6z\u00f6tt k\u00f6z\u00fati vagy munkahelyi baleset b\u00e1ntalmaz\u00e1s (hivatalos szerv \u00e1ltal, vereked\u00e9sben stb.) orvosi m\u0171hiba hib\u00e1s teljes\u00edt\u00e9s (pl. szakszer\u0171tlen \u00e9p\u00edt\u00e9s, elromlott h\u00e1ztart\u00e1si g\u00e9p, rossz min\u0151s\u00e9g\u0171 gyermekj\u00e1t\u00e9k vagy \u00e9lelmiszer stb.) folyt\u00e1n k\u00f6vetkezhet be.<\/p>","protected":false},"author":1,"featured_media":0,"parent":0,"menu_order":0,"comment_status":"closed","ping_status":"closed","template":"","meta":{"_et_pb_use_builder":"on","_et_pb_old_content":"","_et_gb_content_width":"","footnotes":""},"class_list":["post-380","page","type-page","status-publish","hentry"],"yoast_head":"<!-- This site is optimized with the Yoast SEO plugin v21.5 - https:\/\/yoast.com\/wordpress\/plugins\/seo\/ -->\n<title>Eg\u00e9szs\u00e9ghez, testi \u00e9ps\u00e9ghez val\u00f3 jog - Claim Data Tan\u00e1csad\u00f3 Kft.<\/title>\n<meta name=\"description\" content=\"S\u00e9relemd\u00edj tan\u00e1csad\u00e1s! Ne k\u00e9rj keveset, de t\u00fal sokat sem! A b\u00edr\u00f3s\u00e1gi gyakorlat alapj\u00e1n a s\u00e9relemd\u00edj re\u00e1lis \u00f6sszeg\u00e9t megbecs\u00fclj\u00fck.\" \/>\n<meta name=\"robots\" content=\"index, follow, max-snippet:-1, max-image-preview:large, max-video-preview:-1\" \/>\n<link rel=\"canonical\" href=\"https:\/\/claimdata.hu\/de\/egeszseghez-testi-epseghez-valo-jog\/\" \/>\n<meta property=\"og:locale\" content=\"de_DE\" \/>\n<meta property=\"og:type\" content=\"article\" \/>\n<meta property=\"og:title\" content=\"Eg\u00e9szs\u00e9ghez, testi \u00e9ps\u00e9ghez val\u00f3 jog - Claim Data Tan\u00e1csad\u00f3 Kft.\" \/>\n<meta property=\"og:description\" content=\"S\u00e9relemd\u00edj tan\u00e1csad\u00e1s! Ne k\u00e9rj keveset, de t\u00fal sokat sem! A b\u00edr\u00f3s\u00e1gi gyakorlat alapj\u00e1n a s\u00e9relemd\u00edj re\u00e1lis \u00f6sszeg\u00e9t megbecs\u00fclj\u00fck.\" \/>\n<meta property=\"og:url\" content=\"https:\/\/claimdata.hu\/de\/egeszseghez-testi-epseghez-valo-jog\/\" \/>\n<meta property=\"og:site_name\" content=\"Claim Data Tan\u00e1csad\u00f3 Kft.\" \/>\n<meta property=\"article:modified_time\" content=\"2023-04-18T09:05:12+00:00\" \/>\n<meta property=\"og:image\" content=\"https:\/\/claimdata.hu\/wp-content\/uploads\/claimdata_logo_fo.jpg\" \/>\n\t<meta property=\"og:image:width\" content=\"1289\" \/>\n\t<meta property=\"og:image:height\" content=\"779\" \/>\n\t<meta property=\"og:image:type\" content=\"image\/jpeg\" \/>\n<meta name=\"twitter:card\" content=\"summary_large_image\" \/>\n<meta name=\"twitter:label1\" content=\"Gesch\u00e4tzte Lesezeit\" \/>\n\t<meta name=\"twitter:data1\" content=\"2\u00a0Minuten\" \/>\n<script type=\"application\/ld+json\" class=\"yoast-schema-graph\">{\"@context\":\"https:\/\/schema.org\",\"@graph\":[{\"@type\":\"WebPage\",\"@id\":\"https:\/\/claimdata.hu\/egeszseghez-testi-epseghez-valo-jog\/\",\"url\":\"https:\/\/claimdata.hu\/egeszseghez-testi-epseghez-valo-jog\/\",\"name\":\"Eg\u00e9szs\u00e9ghez, testi \u00e9ps\u00e9ghez val\u00f3 jog - Claim Data Tan\u00e1csad\u00f3 Kft.\",\"isPartOf\":{\"@id\":\"https:\/\/claimdata.hu\/#website\"},\"datePublished\":\"2023-04-01T21:24:19+00:00\",\"dateModified\":\"2023-04-18T09:05:12+00:00\",\"description\":\"S\u00e9relemd\u00edj tan\u00e1csad\u00e1s! Ne k\u00e9rj keveset, de t\u00fal sokat sem! A b\u00edr\u00f3s\u00e1gi gyakorlat alapj\u00e1n a s\u00e9relemd\u00edj re\u00e1lis \u00f6sszeg\u00e9t megbecs\u00fclj\u00fck.\",\"breadcrumb\":{\"@id\":\"https:\/\/claimdata.hu\/egeszseghez-testi-epseghez-valo-jog\/#breadcrumb\"},\"inLanguage\":\"de\",\"potentialAction\":[{\"@type\":\"ReadAction\",\"target\":[\"https:\/\/claimdata.hu\/egeszseghez-testi-epseghez-valo-jog\/\"]}]},{\"@type\":\"BreadcrumbList\",\"@id\":\"https:\/\/claimdata.hu\/egeszseghez-testi-epseghez-valo-jog\/#breadcrumb\",\"itemListElement\":[{\"@type\":\"ListItem\",\"position\":1,\"name\":\"Kezd\u0151lap\",\"item\":\"https:\/\/claimdata.hu\/\"},{\"@type\":\"ListItem\",\"position\":2,\"name\":\"Eg\u00e9szs\u00e9ghez, testi \u00e9ps\u00e9ghez val\u00f3 jog\"}]},{\"@type\":\"WebSite\",\"@id\":\"https:\/\/claimdata.hu\/#website\",\"url\":\"https:\/\/claimdata.hu\/\",\"name\":\"Claim Data Tan\u00e1csad\u00f3 Kft.\",\"description\":\"S\u00e9relemd\u00edj tan\u00e1csad\u00e1s\",\"publisher\":{\"@id\":\"https:\/\/claimdata.hu\/#organization\"},\"alternateName\":\"Claim Data Tan\u00e1csad\u00f3 Kft.\",\"potentialAction\":[{\"@type\":\"SearchAction\",\"target\":{\"@type\":\"EntryPoint\",\"urlTemplate\":\"https:\/\/claimdata.hu\/?s={search_term_string}\"},\"query-input\":\"required name=search_term_string\"}],\"inLanguage\":\"de\"},{\"@type\":\"Organization\",\"@id\":\"https:\/\/claimdata.hu\/#organization\",\"name\":\"Claim Data Tan\u00e1csad\u00f3 Kft.\",\"url\":\"https:\/\/claimdata.hu\/\",\"logo\":{\"@type\":\"ImageObject\",\"inLanguage\":\"de\",\"@id\":\"https:\/\/claimdata.hu\/#\/schema\/logo\/image\/\",\"url\":\"https:\/\/claimdata.hu\/wp-content\/uploads\/claimdata_logo_fo.jpg\",\"contentUrl\":\"https:\/\/claimdata.hu\/wp-content\/uploads\/claimdata_logo_fo.jpg\",\"width\":1289,\"height\":779,\"caption\":\"Claim Data Tan\u00e1csad\u00f3 Kft.\"},\"image\":{\"@id\":\"https:\/\/claimdata.hu\/#\/schema\/logo\/image\/\"}}]}<\/script>\n<!-- \/ Yoast SEO plugin. -->","yoast_head_json":{"title":"Eg\u00e9szs\u00e9ghez, testi \u00e9ps\u00e9ghez val\u00f3 jog - Claim Data Tan\u00e1csad\u00f3 Kft.","description":"S\u00e9relemd\u00edj tan\u00e1csad\u00e1s! Ne k\u00e9rj keveset, de t\u00fal sokat sem! A b\u00edr\u00f3s\u00e1gi gyakorlat alapj\u00e1n a s\u00e9relemd\u00edj re\u00e1lis \u00f6sszeg\u00e9t megbecs\u00fclj\u00fck.","robots":{"index":"index","follow":"follow","max-snippet":"max-snippet:-1","max-image-preview":"max-image-preview:large","max-video-preview":"max-video-preview:-1"},"canonical":"https:\/\/claimdata.hu\/de\/egeszseghez-testi-epseghez-valo-jog\/","og_locale":"de_DE","og_type":"article","og_title":"Eg\u00e9szs\u00e9ghez, testi \u00e9ps\u00e9ghez val\u00f3 jog - Claim Data Tan\u00e1csad\u00f3 Kft.","og_description":"S\u00e9relemd\u00edj tan\u00e1csad\u00e1s! Ne k\u00e9rj keveset, de t\u00fal sokat sem! A b\u00edr\u00f3s\u00e1gi gyakorlat alapj\u00e1n a s\u00e9relemd\u00edj re\u00e1lis \u00f6sszeg\u00e9t megbecs\u00fclj\u00fck.","og_url":"https:\/\/claimdata.hu\/de\/egeszseghez-testi-epseghez-valo-jog\/","og_site_name":"Claim Data Tan\u00e1csad\u00f3 Kft.","article_modified_time":"2023-04-18T09:05:12+00:00","og_image":[{"width":1289,"height":779,"url":"https:\/\/claimdata.hu\/wp-content\/uploads\/claimdata_logo_fo.jpg","type":"image\/jpeg"}],"twitter_card":"summary_large_image","twitter_misc":{"Gesch\u00e4tzte Lesezeit":"2\u00a0Minuten"},"schema":{"@context":"https:\/\/schema.org","@graph":[{"@type":"WebPage","@id":"https:\/\/claimdata.hu\/egeszseghez-testi-epseghez-valo-jog\/","url":"https:\/\/claimdata.hu\/egeszseghez-testi-epseghez-valo-jog\/","name":"Eg\u00e9szs\u00e9ghez, testi \u00e9ps\u00e9ghez val\u00f3 jog - Claim Data Tan\u00e1csad\u00f3 Kft.","isPartOf":{"@id":"https:\/\/claimdata.hu\/#website"},"datePublished":"2023-04-01T21:24:19+00:00","dateModified":"2023-04-18T09:05:12+00:00","description":"S\u00e9relemd\u00edj tan\u00e1csad\u00e1s! Ne k\u00e9rj keveset, de t\u00fal sokat sem! A b\u00edr\u00f3s\u00e1gi gyakorlat alapj\u00e1n a s\u00e9relemd\u00edj re\u00e1lis \u00f6sszeg\u00e9t megbecs\u00fclj\u00fck.","breadcrumb":{"@id":"https:\/\/claimdata.hu\/egeszseghez-testi-epseghez-valo-jog\/#breadcrumb"},"inLanguage":"de","potentialAction":[{"@type":"ReadAction","target":["https:\/\/claimdata.hu\/egeszseghez-testi-epseghez-valo-jog\/"]}]},{"@type":"BreadcrumbList","@id":"https:\/\/claimdata.hu\/egeszseghez-testi-epseghez-valo-jog\/#breadcrumb","itemListElement":[{"@type":"ListItem","position":1,"name":"Kezd\u0151lap","item":"https:\/\/claimdata.hu\/"},{"@type":"ListItem","position":2,"name":"Eg\u00e9szs\u00e9ghez, testi \u00e9ps\u00e9ghez val\u00f3 jog"}]},{"@type":"WebSite","@id":"https:\/\/claimdata.hu\/#website","url":"https:\/\/claimdata.hu\/","name":"Claim Data Tan\u00e1csad\u00f3 Kft.","description":"S\u00e9relemd\u00edj tan\u00e1csad\u00e1s","publisher":{"@id":"https:\/\/claimdata.hu\/#organization"},"alternateName":"Claim Data Tan\u00e1csad\u00f3 Kft.","potentialAction":[{"@type":"SearchAction","target":{"@type":"EntryPoint","urlTemplate":"https:\/\/claimdata.hu\/?s={search_term_string}"},"query-input":"required name=search_term_string"}],"inLanguage":"de"},{"@type":"Organization","@id":"https:\/\/claimdata.hu\/#organization","name":"Claim Data Tan\u00e1csad\u00f3 Kft.","url":"https:\/\/claimdata.hu\/","logo":{"@type":"ImageObject","inLanguage":"de","@id":"https:\/\/claimdata.hu\/#\/schema\/logo\/image\/","url":"https:\/\/claimdata.hu\/wp-content\/uploads\/claimdata_logo_fo.jpg","contentUrl":"https:\/\/claimdata.hu\/wp-content\/uploads\/claimdata_logo_fo.jpg","width":1289,"height":779,"caption":"Claim Data Tan\u00e1csad\u00f3 Kft."},"image":{"@id":"https:\/\/claimdata.hu\/#\/schema\/logo\/image\/"}}]}},"_links":{"self":[{"href":"https:\/\/claimdata.hu\/de\/wp-json\/wp\/v2\/pages\/380","targetHints":{"allow":["GET"]}}],"collection":[{"href":"https:\/\/claimdata.hu\/de\/wp-json\/wp\/v2\/pages"}],"about":[{"href":"https:\/\/claimdata.hu\/de\/wp-json\/wp\/v2\/types\/page"}],"author":[{"embeddable":true,"href":"https:\/\/claimdata.hu\/de\/wp-json\/wp\/v2\/users\/1"}],"replies":[{"embeddable":true,"href":"https:\/\/claimdata.hu\/de\/wp-json\/wp\/v2\/comments?post=380"}],"version-history":[{"count":9,"href":"https:\/\/claimdata.hu\/de\/wp-json\/wp\/v2\/pages\/380\/revisions"}],"predecessor-version":[{"id":566,"href":"https:\/\/claimdata.hu\/de\/wp-json\/wp\/v2\/pages\/380\/revisions\/566"}],"wp:attachment":[{"href":"https:\/\/claimdata.hu\/de\/wp-json\/wp\/v2\/media?parent=380"}],"curies":[{"name":"wp","href":"https:\/\/api.w.org\/{rel}","templated":true}]}}